{"id":1581,"date":"2026-03-13T14:34:51","date_gmt":"2026-03-13T14:34:51","guid":{"rendered":"https:\/\/kisuca.com\/?post_type=product&#038;p=1581"},"modified":"2026-03-15T02:41:11","modified_gmt":"2026-03-15T02:41:11","slug":"set-ao-gile-va-quan-tay-ong-suong","status":"publish","type":"product","link":"https:\/\/kisuca.com\/en\/san-pham\/set-ao-gile-va-quan-tay-ong-suong\/","title":{"rendered":"Set \u00e1o gile v\u00e0 qu\u1ea7n t\u00e2y \u1ed1ng su\u00f4ng"},"content":{"rendered":"<p data-start=\"93\" data-end=\"380\">Set \u00e1o gile ph\u1ed1i c\u00f9ng qu\u1ea7n t\u00e2y \u1ed1ng su\u00f4ng l\u00e0 l\u1ef1a ch\u1ecdn ph\u00f9 h\u1ee3p cho nh\u1eefng ai y\u00eau th\u00edch phong c\u00e1ch thanh l\u1ecbch v\u00e0 ch\u1ec9n chu. Thi\u1ebft k\u1ebf \u0111\u01a1n gi\u1ea3n nh\u01b0ng v\u1eabn t\u1ea1o c\u1ea3m gi\u00e1c hi\u1ec7n \u0111\u1ea1i, d\u1ec5 m\u1eb7c trong m\u00f4i tr\u01b0\u1eddng c\u00f4ng s\u1edf, khi g\u1eb7p \u0111\u1ed1i t\u00e1c ho\u1eb7c tham d\u1ef1 nh\u1eefng d\u1ecbp c\u1ea7n \u0103n m\u1eb7c l\u1ecbch s\u1ef1.<\/p>\n<p data-start=\"382\" data-end=\"572\"><strong data-start=\"382\" data-end=\"436\">\u0110i\u1ec3m n\u1ed5i b\u1eadt c\u1ee7a set \u00e1o gile v\u00e0 qu\u1ea7n t\u00e2y \u1ed1ng su\u00f4ng<\/strong><\/p>\n<ul>\n<li data-start=\"382\" data-end=\"572\"><strong data-start=\"439\" data-end=\"460\">Thi\u1ebft k\u1ebf \u0111\u1ed3ng b\u1ed9:<\/strong> B\u1ed9 g\u1ed3m 2 m\u00f3n l\u00e0 \u00e1o gile v\u00e0 qu\u1ea7n t\u00e2y \u1ed1ng su\u00f4ng, gi\u00fap b\u1ea1n d\u1ec5 m\u1eb7c, d\u1ec5 ph\u1ed1i m\u00e0 v\u1eabn c\u00f3 t\u1ed5ng th\u1ec3 h\u00e0i h\u00f2a v\u00e0 g\u1ecdn g\u00e0ng.<\/li>\n<li data-start=\"382\" data-end=\"572\"><strong data-start=\"574\" data-end=\"592\">Ch\u1ea5t li\u1ec7u v\u1ea3i:<\/strong> S\u1ea3n ph\u1ea9m s\u1eed d\u1ee5ng ch\u1ea5t v\u1ea3i t\u00e2y m\u1ec1m, gi\u1eef phom kh\u00e1 t\u1ed1t, b\u1ec1 m\u1eb7t v\u1ea3i ph\u1eb3ng v\u00e0 \u00edt nh\u0103n. Khi m\u1eb7c l\u00ean t\u1ea1o c\u1ea3m gi\u00e1c g\u1ecdn g\u00e0ng, l\u1ecbch s\u1ef1 nh\u01b0ng v\u1eabn tho\u1ea3i m\u00e1i su\u1ed1t c\u1ea3 ng\u00e0y.<\/li>\n<li data-start=\"382\" data-end=\"572\"><strong data-start=\"753\" data-end=\"768\">D\u1ec5 ph\u1ed1i \u0111\u1ed3:<\/strong> Set c\u00f3 3 m\u00e0u c\u01a1 b\u1ea3n g\u1ed3m Kem, N\u00e2u \u0111\u1eadm v\u00e0 N\u00e2u nh\u1ea1t, \u0111\u1ec1u l\u00e0 nh\u1eefng gam m\u00e0u d\u1ec5 m\u1eb7c. B\u1ea1n c\u00f3 th\u1ec3 k\u1ebft h\u1ee3p c\u00f9ng \u00e1o s\u01a1 mi, \u00e1o thun ho\u1eb7c \u00e1o len c\u1ed5 l\u1ecd t\u00f9y phong c\u00e1ch.<\/li>\n<\/ul>\n<p data-start=\"925\" data-end=\"1041\"><strong data-start=\"925\" data-end=\"949\">Th\u00f4ng tin k\u00edch th\u01b0\u1edbc<\/strong><\/p>\n<ul>\n<li data-start=\"925\" data-end=\"1041\"><strong data-start=\"952\" data-end=\"963\">Size M:<\/strong> Ph\u00f9 h\u1ee3p v\u1edbi v\u00f2ng eo d\u01b0\u1edbi 70 cm.<\/li>\n<li data-start=\"925\" data-end=\"1041\"><strong data-start=\"998\" data-end=\"1009\">Size L:<\/strong> Ph\u00f9 h\u1ee3p v\u1edbi v\u00f2ng eo d\u01b0\u1edbi 74 cm.<\/li>\n<\/ul>\n<p data-start=\"1043\" data-end=\"1067\"><strong data-start=\"1043\" data-end=\"1065\">H\u01b0\u1edbng d\u1eabn b\u1ea3o qu\u1ea3n<\/strong><\/p>\n<ul data-start=\"1068\" data-end=\"1255\">\n<li data-section-id=\"11px68l\" data-start=\"1068\" data-end=\"1134\">\n<p data-start=\"1070\" data-end=\"1134\">N\u00ean gi\u1eb7t tay ho\u1eb7c gi\u1eb7t m\u00e1y \u1edf ch\u1ebf \u0111\u1ed9 nh\u1eb9 \u0111\u1ec3 gi\u1eef \u0111\u1ed9 b\u1ec1n c\u1ee7a v\u1ea3i.<\/p>\n<\/li>\n<li data-section-id=\"90yjbk\" data-start=\"1135\" data-end=\"1185\">\n<p data-start=\"1137\" data-end=\"1185\">Gi\u1eb7t ri\u00eang theo m\u00e0u, tr\u00e1nh d\u00f9ng ch\u1ea5t t\u1ea9y m\u1ea1nh.<\/p>\n<\/li>\n<li data-section-id=\"1cioofy\" data-start=\"1186\" data-end=\"1255\">\n<p data-start=\"1188\" data-end=\"1255\">\u1ee6i \u1edf nhi\u1ec7t \u0111\u1ed9 v\u1eeba \u0111\u1ec3 trang ph\u1ee5c lu\u00f4n ph\u1eb3ng \u0111\u1eb9p v\u00e0 gi\u1eef phom t\u1ed1t h\u01a1n.<\/p>\n<\/li>\n<\/ul>\n<p data-start=\"1257\" data-end=\"1404\"><strong data-start=\"1257\" data-end=\"1287\">Th\u00f4ng tin \u0111\u01a1n v\u1ecb ph\u00e2n ph\u1ed1i<\/strong><\/p>\n<p data-start=\"1257\" data-end=\"1404\"><strong data-start=\"1290\" data-end=\"1332\">C\u00f4ng ty TNHH Xu\u1ea5t Nh\u1eadp Kh\u1ea9u May H v\u00e0 T<\/strong><br data-start=\"1332\" data-end=\"1335\" \/>\u0110\u1ecba ch\u1ec9: 35\/4A \u1ea5p M\u1ef9 Hu\u1ec1, x\u00e3 B\u00e0 \u0110i\u1ec3m, TP.HCM<br data-start=\"1379\" data-end=\"1382\" \/>M\u00e3 s\u1ed1 thu\u1ebf: 0315614395<\/p>\n","protected":false},"excerpt":{"rendered":"<p>Set \u00e1o gile ph\u1ed1i c\u00f9ng qu\u1ea7n t\u00e2y \u1ed1ng su\u00f4ng l\u00e0 l\u1ef1a ch\u1ecdn ph\u00f9 h\u1ee3p cho nh\u1eefng ai y\u00eau th\u00edch phong c\u00e1ch thanh l\u1ecbch v\u00e0 ch\u1ec9n chu.<span class=\"excerpt-hellip\"> [\u2026]<\/span><\/p>\n","protected":false},"featured_media":1603,"comment_status":"open","ping_status":"closed","template":"","meta":[],"product_brand":[],"product_cat":[175],"product_tag":[176,177],"class_list":{"0":"post-1581","1":"product","2":"type-product","3":"status-publish","4":"has-post-thumbnail","6":"product_cat-set-cong-so","7":"product_tag-set-ao-gile-va-quan-tay-ong-suong","8":"product_tag-set-cong-so","10":"first","11":"instock","12":"shipping-taxable","13":"purchasable","14":"product-type-variable"},"_links":{"self":[{"href":"https:\/\/kisuca.com\/en\/wp-json\/wp\/v2\/product\/1581","targetHints":{"allow":["GET"]}}],"collection":[{"href":"https:\/\/kisuca.com\/en\/wp-json\/wp\/v2\/product"}],"about":[{"href":"https:\/\/kisuca.com\/en\/wp-json\/wp\/v2\/types\/product"}],"replies":[{"embeddable":true,"href":"https:\/\/kisuca.com\/en\/wp-json\/wp\/v2\/comments?post=1581"}],"wp:featuredmedia":[{"embeddable":true,"href":"https:\/\/kisuca.com\/en\/wp-json\/wp\/v2\/media\/1603"}],"wp:attachment":[{"href":"https:\/\/kisuca.com\/en\/wp-json\/wp\/v2\/media?parent=1581"}],"wp:term":[{"taxonomy":"product_brand","embeddable":true,"href":"https:\/\/kisuca.com\/en\/wp-json\/wp\/v2\/product_brand?post=1581"},{"taxonomy":"product_cat","embeddable":true,"href":"https:\/\/kisuca.com\/en\/wp-json\/wp\/v2\/product_cat?post=1581"},{"taxonomy":"product_tag","embeddable":true,"href":"https:\/\/kisuca.com\/en\/wp-json\/wp\/v2\/product_tag?post=1581"}],"curies":[{"name":"wp","href":"https:\/\/api.w.org\/{rel}","templated":true}]}}