{"id":1570,"date":"2026-03-13T14:29:54","date_gmt":"2026-03-13T14:29:54","guid":{"rendered":"https:\/\/kisuca.com\/?post_type=product&#038;p=1570"},"modified":"2026-03-15T02:52:29","modified_gmt":"2026-03-15T02:52:29","slug":"set-ao-gile-va-chan-vay-dang-dai","status":"publish","type":"product","link":"https:\/\/kisuca.com\/en\/san-pham\/set-ao-gile-va-chan-vay-dang-dai\/","title":{"rendered":"Set \u00e1o gile v\u00e0 ch\u00e2n v\u00e1y d\u00e1ng d\u00e0i"},"content":{"rendered":"<h2 data-start=\"150\" data-end=\"464\"><strong data-start=\"150\" data-end=\"173\">Gi\u1edbi thi\u1ec7u s\u1ea3n ph\u1ea9m set \u00e1o gile v\u00e0 ch\u00e2n v\u00e1y d\u00e1ng d\u00e0i<\/strong><\/h2>\n<ul>\n<li data-start=\"150\" data-end=\"464\">Set \u00e1o gile v\u00e0 ch\u00e2n v\u00e1y d\u00e1ng d\u00e0i l\u00e0 l\u1ef1a ch\u1ecdn d\u00e0nh cho n\u00e0ng y\u00eau th\u00edch v\u1ebb \u0111\u1eb9p thanh l\u1ecbch, n\u1eef t\u00ednh nh\u01b0ng v\u1eabn \u01b0u ti\u00ean s\u1ef1 tho\u1ea3i m\u00e1i khi m\u1eb7c.<\/li>\n<li data-start=\"150\" data-end=\"464\">Thi\u1ebft k\u1ebf nh\u1eb9 nh\u00e0ng, d\u1ec5 \u1ee9ng d\u1ee5ng gi\u00fap b\u1ea1n d\u1ec5 d\u00e0ng di\u1ec7n \u0111i l\u00e0m, \u0111i ch\u01a1i, g\u1eb7p g\u1ee1 b\u1ea1n b\u00e8 hay c\u00e0 ph\u00ea cu\u1ed1i tu\u1ea7n m\u00e0 v\u1eabn gi\u1eef \u0111\u01b0\u1ee3c v\u1ebb ngo\u00e0i ch\u1ec9n chu v\u00e0 cu\u1ed1n h\u00fat.<\/li>\n<\/ul>\n<h2 data-start=\"466\" data-end=\"495\"><strong data-start=\"466\" data-end=\"495\">\u0110i\u1ec3m n\u1ed5i b\u1eadt c\u1ee7a s\u1ea3n ph\u1ea9m<\/strong><\/h2>\n<h3 data-start=\"497\" data-end=\"746\"><strong data-start=\"497\" data-end=\"530\">Thi\u1ebft k\u1ebf thanh l\u1ecbch, t\u00f4n d\u00e1ng<\/strong><\/h3>\n<p data-start=\"497\" data-end=\"746\">\u00c1o gile mang \u0111\u1ebfn v\u1ebb ngo\u00e0i g\u1ecdn g\u00e0ng, hi\u1ec7n \u0111\u1ea1i, k\u1ebft h\u1ee3p c\u00f9ng ch\u00e2n v\u00e1y d\u00e1ng d\u00e0i t\u1ea1o n\u00ean t\u1ed5ng th\u1ec3 m\u1ec1m m\u1ea1i v\u00e0 n\u1eef t\u00ednh. Form d\u00e1ng \u0111\u01b0\u1ee3c thi\u1ebft k\u1ebf h\u00e0i h\u00f2a, gi\u00fap che khuy\u1ebft \u0111i\u1ec3m t\u1ed1t v\u00e0 t\u00f4n l\u00ean n\u00e9t thanh tho\u00e1t c\u1ee7a ng\u01b0\u1eddi m\u1eb7c.<\/p>\n<h3 data-start=\"748\" data-end=\"1056\"><strong data-start=\"748\" data-end=\"787\">Ch\u1ea5t li\u1ec7u linen tho\u00e1ng m\u00e1t, d\u1ec5 ch\u1ecbu<\/strong><\/h3>\n<p data-start=\"748\" data-end=\"1056\">S\u1ea3n ph\u1ea9m s\u1eed d\u1ee5ng ch\u1ea5t v\u1ea3i linen v\u1edbi b\u1ec1 m\u1eb7t m\u1ed9c t\u1ef1 nhi\u00ean, t\u1ea1o c\u1ea3m gi\u00e1c nh\u1eb9, tho\u00e1ng v\u00e0 tho\u1ea3i m\u00e1i trong su\u1ed1t qu\u00e1 tr\u00ecnh s\u1eed d\u1ee5ng. \u0110\u00e2y l\u00e0 ch\u1ea5t li\u1ec7u \u0111\u01b0\u1ee3c nhi\u1ec1u ch\u1ecb em y\u00eau th\u00edch nh\u1edd kh\u1ea3 n\u0103ng th\u1ea5m h\u00fat t\u1ed1t, ph\u00f9 h\u1ee3p v\u1edbi th\u1eddi ti\u1ebft n\u00f3ng v\u00e0 mang l\u1ea1i c\u1ea3m gi\u00e1c m\u1eb7c d\u1ec5 ch\u1ecbu m\u1ed7i ng\u00e0y.<\/p>\n<h3 data-start=\"1058\" data-end=\"1333\"><strong data-start=\"1058\" data-end=\"1090\">D\u1ec5 m\u1eb7c, d\u1ec5 ph\u1ed1i, d\u1ec5 \u1ee9ng d\u1ee5ng<\/strong><\/h3>\n<p data-start=\"1058\" data-end=\"1333\">B\u1ea1n c\u00f3 th\u1ec3 m\u1eb7c nguy\u00ean set \u0111\u1ec3 c\u00f3 ngay m\u1ed9t outfit \u0111\u1ed3ng b\u1ed9, ti\u1ebft ki\u1ec7m th\u1eddi gian m\u00e0 v\u1eabn n\u1ed5i b\u1eadt. Ngo\u00e0i ra, \u00e1o gile v\u00e0 ch\u00e2n v\u00e1y c\u0169ng c\u00f3 th\u1ec3 t\u00e1ch ri\u00eang \u0111\u1ec3 ph\u1ed1i c\u00f9ng nhi\u1ec1u item kh\u00e1c nhau, gi\u00fap b\u1ea1n linh ho\u1ea1t bi\u1ebfn h\u00f3a phong c\u00e1ch theo t\u1eebng ho\u00e0n c\u1ea3nh.<\/p>\n<h3 data-start=\"1335\" data-end=\"1359\"><strong data-start=\"1335\" data-end=\"1357\">H\u01b0\u1edbng d\u1eabn b\u1ea3o qu\u1ea3n<\/strong><\/h3>\n<ul data-start=\"1360\" data-end=\"1642\">\n<li data-section-id=\"j6fm6s\" data-start=\"1360\" data-end=\"1446\">\n<p data-start=\"1362\" data-end=\"1446\">N\u00ean gi\u1eb7t tay ho\u1eb7c gi\u1eb7t m\u00e1y \u1edf ch\u1ebf \u0111\u1ed9 nh\u1eb9 v\u1edbi n\u01b0\u1edbc l\u1ea1nh \u0111\u1ec3 gi\u1eef ch\u1ea5t v\u1ea3i b\u1ec1n \u0111\u1eb9p h\u01a1n.<\/p>\n<\/li>\n<li data-section-id=\"dvg05u\" data-start=\"1447\" data-end=\"1500\">\n<p data-start=\"1449\" data-end=\"1500\">H\u1ea1n ch\u1ebf v\u1eaft ho\u1eb7c xo\u1eafn m\u1ea1nh \u0111\u1ec3 tr\u00e1nh l\u00e0m nh\u0103n v\u1ea3i.<\/p>\n<\/li>\n<li data-section-id=\"8vm041\" data-start=\"1501\" data-end=\"1557\">\n<p data-start=\"1503\" data-end=\"1557\">Ph\u01a1i \u1edf n\u01a1i tho\u00e1ng gi\u00f3, tr\u00e1nh \u00e1nh n\u1eafng g\u1eaft tr\u1ef1c ti\u1ebfp.<\/p>\n<\/li>\n<li data-section-id=\"1bb60cp\" data-start=\"1558\" data-end=\"1642\">\n<p data-start=\"1560\" data-end=\"1642\">N\u00ean \u1ee7i khi v\u1ea3i c\u00f2n h\u01a1i \u1ea9m ho\u1eb7c d\u00f9ng b\u00e0n \u1ee7i h\u01a1i n\u01b0\u1edbc \u0111\u1ec3 trang ph\u1ee5c v\u00e0o n\u1ebfp \u0111\u1eb9p h\u01a1n.<\/p>\n<\/li>\n<\/ul>\n<p data-start=\"1644\" data-end=\"1791\"><strong data-start=\"1644\" data-end=\"1674\">Th\u00f4ng tin \u0111\u01a1n v\u1ecb ph\u00e2n ph\u1ed1i<\/strong><\/p>\n<p data-start=\"1644\" data-end=\"1791\"><strong data-start=\"1677\" data-end=\"1719\">C\u00f4ng ty TNHH Xu\u1ea5t Nh\u1eadp Kh\u1ea9u May H v\u00e0 T<\/strong><br data-start=\"1719\" data-end=\"1722\" \/>\u0110\u1ecba ch\u1ec9: 35\/4A \u1ea5p M\u1ef9 Hu\u1ec1, x\u00e3 B\u00e0 \u0110i\u1ec3m, TP.HCM<br data-start=\"1766\" data-end=\"1769\" \/>M\u00e3 s\u1ed1 thu\u1ebf: 0315614395<\/p>\n","protected":false},"excerpt":{"rendered":"<p>Gi\u1edbi thi\u1ec7u s\u1ea3n ph\u1ea9m set \u00e1o gile v\u00e0 ch\u00e2n v\u00e1y d\u00e1ng d\u00e0i Set \u00e1o gile v\u00e0 ch\u00e2n v\u00e1y d\u00e1ng d\u00e0i l\u00e0 l\u1ef1a ch\u1ecdn d\u00e0nh cho n\u00e0ng<span class=\"excerpt-hellip\"> [\u2026]<\/span><\/p>\n","protected":false},"featured_media":1612,"comment_status":"open","ping_status":"closed","template":"","meta":[],"product_brand":[],"product_cat":[175],"product_tag":[179,180,178],"class_list":{"0":"post-1570","1":"product","2":"type-product","3":"status-publish","4":"has-post-thumbnail","6":"product_cat-set-cong-so","7":"product_tag-ao-gile","8":"product_tag-chan-vay-dang-dai","9":"product_tag-set-ao-gile-va-chan-vay-dang-dai","11":"first","12":"instock","13":"shipping-taxable","14":"purchasable","15":"product-type-variable"},"_links":{"self":[{"href":"https:\/\/kisuca.com\/en\/wp-json\/wp\/v2\/product\/1570","targetHints":{"allow":["GET"]}}],"collection":[{"href":"https:\/\/kisuca.com\/en\/wp-json\/wp\/v2\/product"}],"about":[{"href":"https:\/\/kisuca.com\/en\/wp-json\/wp\/v2\/types\/product"}],"replies":[{"embeddable":true,"href":"https:\/\/kisuca.com\/en\/wp-json\/wp\/v2\/comments?post=1570"}],"wp:featuredmedia":[{"embeddable":true,"href":"https:\/\/kisuca.com\/en\/wp-json\/wp\/v2\/media\/1612"}],"wp:attachment":[{"href":"https:\/\/kisuca.com\/en\/wp-json\/wp\/v2\/media?parent=1570"}],"wp:term":[{"taxonomy":"product_brand","embeddable":true,"href":"https:\/\/kisuca.com\/en\/wp-json\/wp\/v2\/product_brand?post=1570"},{"taxonomy":"product_cat","embeddable":true,"href":"https:\/\/kisuca.com\/en\/wp-json\/wp\/v2\/product_cat?post=1570"},{"taxonomy":"product_tag","embeddable":true,"href":"https:\/\/kisuca.com\/en\/wp-json\/wp\/v2\/product_tag?post=1570"}],"curies":[{"name":"wp","href":"https:\/\/api.w.org\/{rel}","templated":true}]}}