{"id":1546,"date":"2026-03-13T14:21:54","date_gmt":"2026-03-13T14:21:54","guid":{"rendered":"https:\/\/kisuca.com\/?post_type=product&#038;p=1546"},"modified":"2026-03-15T03:04:10","modified_gmt":"2026-03-15T03:04:10","slug":"set-ao-gile-co-vest-va-quan-tay-ong-suong-xanh","status":"publish","type":"product","link":"https:\/\/kisuca.com\/en\/san-pham\/set-ao-gile-co-vest-va-quan-tay-ong-suong-xanh\/","title":{"rendered":"Set \u00e1o gile c\u1ed5 vest v\u00e0 qu\u1ea7n t\u00e2y \u1ed1ng su\u00f4ng xanh"},"content":{"rendered":"<p data-start=\"180\" data-end=\"509\">Set \u00e1o gile c\u1ed5 vest ph\u1ed1i c\u00f9ng qu\u1ea7n t\u00e2y \u1ed1ng su\u00f4ng l\u00e0 l\u1ef1a ch\u1ecdn d\u00e0nh cho nh\u1eefng c\u00f4 n\u00e0ng y\u00eau th\u00edch phong c\u00e1ch thanh l\u1ecbch, hi\u1ec7n \u0111\u1ea1i v\u00e0 c\u00f3 \u0111i\u1ec3m nh\u1ea5n ri\u00eang.<\/p>\n<p data-start=\"180\" data-end=\"509\">T\u00f4ng xanh coban n\u1ed5i b\u1eadt gi\u00fap t\u1ed5ng th\u1ec3 trang ph\u1ee5c tr\u1edf n\u00ean cu\u1ed1n h\u00fat h\u01a1n m\u00e0 v\u1eabn gi\u1eef \u0111\u01b0\u1ee3c n\u00e9t sang tr\u1ecdng, ph\u00f9 h\u1ee3p khi di\u1ec7n \u0111i l\u00e0m, g\u1eb7p g\u1ee1 \u0111\u1ed1i t\u00e1c ho\u1eb7c tham d\u1ef1 c\u00e1c s\u1ef1 ki\u1ec7n c\u1ea7n s\u1ef1 ch\u1ec9n chu.<\/p>\n<p data-start=\"180\" data-end=\"509\">Thi\u1ebft k\u1ebf g\u1ecdn g\u00e0ng, d\u1ec5 m\u1eb7c v\u00e0 t\u00f4n d\u00e1ng gi\u00fap b\u1ed9 trang ph\u1ee5c v\u1eeba mang l\u1ea1i c\u1ea3m gi\u00e1c t\u1ef1 tin, v\u1eeba t\u1ea1o \u1ea5n t\u01b0\u1ee3ng chuy\u00ean nghi\u1ec7p cho ng\u01b0\u1eddi m\u1eb7c.<\/p>\n<h2 data-start=\"180\" data-end=\"509\"><strong data-start=\"180\" data-end=\"203\">Gi\u1edbi thi\u1ec7u s\u1ea3n ph\u1ea9m<\/strong><\/h2>\n<ul>\n<li data-start=\"180\" data-end=\"509\">Set \u00e1o gile c\u1ed5 vest ph\u1ed1i c\u00f9ng qu\u1ea7n t\u00e2y \u1ed1ng su\u00f4ng mang \u0111\u1ebfn v\u1ebb ngo\u00e0i thanh l\u1ecbch, n\u1ed5i b\u1eadt v\u00e0 c\u00f3 \u0111i\u1ec3m nh\u1ea5n ri\u00eang.<\/li>\n<li data-start=\"180\" data-end=\"509\">T\u00f4ng xanh coban gi\u00fap t\u1ed5ng th\u1ec3 tr\u00f4ng t\u01b0\u01a1i s\u00e1ng, hi\u1ec7n \u0111\u1ea1i nh\u01b0ng v\u1eabn gi\u1eef \u0111\u01b0\u1ee3c n\u00e9t sang tr\u1ecdng. B\u1ed9 trang ph\u1ee5c n\u00e0y ph\u00f9 h\u1ee3p khi m\u1eb7c \u0111i l\u00e0m, g\u1eb7p \u0111\u1ed1i t\u00e1c, d\u1ef1 h\u1ecdp ho\u1eb7c tham gia nh\u1eefng d\u1ecbp c\u1ea7n s\u1ef1 ch\u1ec9n chu.<\/li>\n<\/ul>\n<h2 data-start=\"511\" data-end=\"531\"><strong data-start=\"511\" data-end=\"531\">\u0110\u1eb7c \u0111i\u1ec3m n\u1ed5i b\u1eadt set \u00e1o gile c\u1ed5 vest v\u00e0 qu\u1ea7n t\u00e2y \u1ed1ng su\u00f4ng xanh<\/strong><\/h2>\n<p data-start=\"533\" data-end=\"805\"><strong data-start=\"533\" data-end=\"566\">\u00c1o gile c\u1ed5 vest d\u00e1ng hi\u1ec7n \u0111\u1ea1i<\/strong><\/p>\n<p data-start=\"533\" data-end=\"805\">Thi\u1ebft k\u1ebf \u00e1o theo phom gile c\u1ed5 vest, t\u1ea1o c\u1ea3m gi\u00e1c g\u1ecdn g\u00e0ng v\u00e0 l\u1ecbch s\u1ef1 khi m\u1eb7c. Ph\u1ea7n khuy c\u00e0i ph\u00eda tr\u01b0\u1edbc \u0111\u01b0\u1ee3c l\u00e0m t\u1ed1i gi\u1ea3n, k\u1ebft h\u1ee3p c\u00f9ng chi ti\u1ebft vi\u1ec1n t\u00fai gi\u1ea3 m\u00e0u \u0111en \u1edf hai b\u00ean gi\u00fap b\u1ed9 \u0111\u1ed3 tr\u00f4ng s\u1eafc n\u00e9t h\u01a1n v\u00e0 t\u1ea1o hi\u1ec7u \u1ee9ng v\u00f2ng eo c\u00e2n \u0111\u1ed1i.<\/p>\n<p data-start=\"807\" data-end=\"1034\"><strong data-start=\"807\" data-end=\"846\">Qu\u1ea7n t\u00e2y \u1ed1ng su\u00f4ng d\u1ec5 m\u1eb7c, t\u00f4n d\u00e1ng<\/strong><\/p>\n<p data-start=\"807\" data-end=\"1034\">Qu\u1ea7n c\u00f3 d\u00e1ng \u1ed1ng su\u00f4ng, \u0111\u1ed9 r\u1ee7 v\u1eeba ph\u1ea3i n\u00ean khi m\u1eb7c t\u1ea1o c\u1ea3m gi\u00e1c tho\u1ea3i m\u00e1i v\u00e0 nh\u1eb9 nh\u00e0ng. Ph\u1ea7n c\u1ea1p cao gi\u00fap t\u1ed5ng th\u1ec3 tr\u00f4ng g\u1ecdn h\u01a1n, \u0111\u1ed3ng th\u1eddi h\u1ed7 tr\u1ee3 t\u00f4n d\u00e1ng v\u00e0 l\u00e0m \u0111\u00f4i ch\u00e2n nh\u00ecn d\u00e0i h\u01a1n.<\/p>\n<p data-start=\"1036\" data-end=\"1238\"><strong data-start=\"1036\" data-end=\"1062\">M\u00e0u xanh coban n\u1ed5i b\u1eadt<\/strong><\/p>\n<p data-start=\"1036\" data-end=\"1238\">Gam m\u00e0u xanh coban l\u00e0 \u0111i\u1ec3m nh\u1ea5n c\u1ee7a set \u0111\u1ed3 n\u00e0y. M\u00e0u s\u1eafc n\u1ed5i b\u1eadt nh\u01b0ng kh\u00f4ng qu\u00e1 ch\u00f3i, d\u1ec5 t\u1ea1o \u1ea5n t\u01b0\u1ee3ng v\u00e0 gi\u00fap ng\u01b0\u1eddi m\u1eb7c tr\u00f4ng c\u00f3 gu h\u01a1n trong nh\u1eefng d\u1ecbp c\u1ea7n s\u1ef1 chuy\u00ean nghi\u1ec7p.<\/p>\n<p data-start=\"1240\" data-end=\"1466\"><strong data-start=\"1240\" data-end=\"1267\">D\u1ec5 ph\u1ed1i theo nhi\u1ec1u c\u00e1ch<\/strong><\/p>\n<p data-start=\"1240\" data-end=\"1466\">B\u1ea1n c\u00f3 th\u1ec3 m\u1eb7c nguy\u00ean set \u0111\u1ec3 c\u00f3 t\u1ed5ng th\u1ec3 \u0111\u1ed3ng b\u1ed9, ho\u1eb7c ph\u1ed1i \u00e1o gile c\u00f9ng qu\u1ea7n jean, ch\u00e2n v\u00e1y, qu\u1ea7n t\u00e2y kh\u00e1c. Ph\u1ea7n qu\u1ea7n c\u0169ng c\u00f3 th\u1ec3 k\u1ebft h\u1ee3p v\u1edbi s\u01a1 mi, \u00e1o ki\u1ec3u ho\u1eb7c \u00e1o hai d\u00e2y t\u00f9y ho\u00e0n c\u1ea3nh s\u1eed d\u1ee5ng.<\/p>\n<h2 data-start=\"1468\" data-end=\"1491\"><strong data-start=\"1468\" data-end=\"1491\">G\u1ee3i \u00fd ph\u1ed1i ph\u1ee5 ki\u1ec7n<\/strong><\/h2>\n<p data-start=\"1493\" data-end=\"1629\"><strong data-start=\"1493\" data-end=\"1505\">T\u00fai x\u00e1ch<\/strong><\/p>\n<p data-start=\"1493\" data-end=\"1629\">Nh\u1eefng m\u1eabu t\u00fai c\u00f3 phom c\u1ee9ng, m\u00e0u \u0111en, tr\u1eafng ho\u1eb7c c\u00f9ng t\u00f4ng xanh s\u1ebd ph\u00f9 h\u1ee3p v\u1edbi set \u0111\u1ed3 v\u00e0 gi\u00fap t\u1ed5ng th\u1ec3 tr\u00f4ng g\u1ecdn g\u00e0ng h\u01a1n.<\/p>\n<p data-start=\"1631\" data-end=\"1806\"><strong data-start=\"1631\" data-end=\"1643\">Gi\u00e0y d\u00e9p<\/strong><\/p>\n<p data-start=\"1631\" data-end=\"1806\">Gi\u00e0y cao g\u00f3t m\u0169i nh\u1ecdn, sandal cao g\u00f3t ho\u1eb7c gi\u00e0y m\u00e0u nude, \u0111en, b\u1ea1c \u0111\u1ec1u l\u00e0 l\u1ef1a ch\u1ecdn d\u1ec5 ph\u1ed1i. Nh\u1eefng ki\u1ec3u gi\u00e0y n\u00e0y gi\u00fap b\u1ed9 trang ph\u1ee5c th\u00eam thanh tho\u00e1t v\u00e0 ch\u1ec9n chu.<\/p>\n<p data-start=\"1808\" data-end=\"1975\"><strong data-start=\"1808\" data-end=\"1821\">Trang s\u1ee9c<\/strong><\/p>\n<p data-start=\"1808\" data-end=\"1975\">B\u1ea1n c\u00f3 th\u1ec3 ch\u1ecdn trang s\u1ee9c thi\u1ebft k\u1ebf \u0111\u01a1n gi\u1ea3n nh\u01b0 khuy\u00ean tai nh\u1ecf, d\u00e2y chuy\u1ec1n m\u1ea3nh ho\u1eb7c l\u1eafc tay b\u1ea3n nh\u1eb9 \u0111\u1ec3 t\u1ea1o \u0111i\u1ec3m nh\u1ea5n v\u1eeba \u0111\u1ee7 m\u00e0 kh\u00f4ng l\u00e0m r\u1ed1i t\u1ed5ng th\u1ec3.<\/p>\n<h2 data-start=\"1977\" data-end=\"2001\"><strong data-start=\"1977\" data-end=\"1999\">H\u01b0\u1edbng d\u1eabn b\u1ea3o qu\u1ea3n<\/strong><\/h2>\n<ul data-start=\"2002\" data-end=\"2300\">\n<li data-section-id=\"7zll80\" data-start=\"2002\" data-end=\"2077\">\n<p data-start=\"2004\" data-end=\"2077\">N\u00ean gi\u1eb7t tay ho\u1eb7c gi\u1eb7t m\u00e1y \u1edf ch\u1ebf \u0111\u1ed9 nh\u1eb9 \u0111\u1ec3 gi\u1eef phom \u00e1o v\u00e0 qu\u1ea7n t\u1ed1t h\u01a1n.<\/p>\n<\/li>\n<li data-section-id=\"1cmi472\" data-start=\"2078\" data-end=\"2161\">\n<p data-start=\"2080\" data-end=\"2161\">Gi\u1eb7t ri\u00eang theo m\u00e0u, tr\u00e1nh d\u00f9ng ch\u1ea5t t\u1ea9y m\u1ea1nh \u0111\u1ec3 h\u1ea1n ch\u1ebf \u1ea3nh h\u01b0\u1edfng \u0111\u1ebfn m\u00e0u v\u1ea3i.<\/p>\n<\/li>\n<li data-section-id=\"snfo8p\" data-start=\"2162\" data-end=\"2218\">\n<p data-start=\"2164\" data-end=\"2218\">N\u00ean ph\u01a1i \u1edf n\u01a1i tho\u00e1ng m\u00e1t, tr\u00e1nh n\u1eafng g\u1eaft tr\u1ef1c ti\u1ebfp.<\/p>\n<\/li>\n<li data-section-id=\"ny4rpn\" data-start=\"2219\" data-end=\"2300\">\n<p data-start=\"2221\" data-end=\"2300\">C\u00f3 th\u1ec3 d\u00f9ng b\u00e0n \u1ee7i h\u01a1i n\u01b0\u1edbc ho\u1eb7c \u1ee7i \u1edf nhi\u1ec7t \u0111\u1ed9 v\u1eeba \u0111\u1ec3 gi\u1eef b\u1ec1 m\u1eb7t v\u1ea3i ph\u1eb3ng \u0111\u1eb9p.<\/p>\n<\/li>\n<\/ul>\n<p data-start=\"2302\" data-end=\"2449\"><strong data-start=\"2302\" data-end=\"2332\">Th\u00f4ng tin \u0111\u01a1n v\u1ecb ph\u00e2n ph\u1ed1i<\/strong><\/p>\n<p data-start=\"2302\" data-end=\"2449\"><strong data-start=\"2335\" data-end=\"2377\">C\u00f4ng ty TNHH Xu\u1ea5t Nh\u1eadp Kh\u1ea9u May H v\u00e0 T<\/strong><\/p>\n<p data-start=\"2302\" data-end=\"2449\">\u0110\u1ecba ch\u1ec9: 35\/4A \u1ea5p M\u1ef9 Hu\u1ec1, x\u00e3 B\u00e0 \u0110i\u1ec3m, TP.HCM<\/p>\n<p data-start=\"2302\" data-end=\"2449\">M\u00e3 s\u1ed1 thu\u1ebf: 0315614395<\/p>\n","protected":false},"excerpt":{"rendered":"<p>Set \u00e1o gile c\u1ed5 vest ph\u1ed1i c\u00f9ng qu\u1ea7n t\u00e2y \u1ed1ng su\u00f4ng l\u00e0 l\u1ef1a ch\u1ecdn d\u00e0nh cho nh\u1eefng c\u00f4 n\u00e0ng y\u00eau th\u00edch phong c\u00e1ch thanh l\u1ecbch, hi\u1ec7n \u0111\u1ea1i v\u00e0 c\u00f3 \u0111i\u1ec3m nh\u1ea5n ri\u00eang.<\/p>\n","protected":false},"featured_media":1551,"comment_status":"open","ping_status":"closed","template":"","meta":[],"product_brand":[],"product_cat":[175],"product_tag":[183,181,182],"class_list":{"0":"post-1546","1":"product","2":"type-product","3":"status-publish","4":"has-post-thumbnail","6":"product_cat-set-cong-so","7":"product_tag-ao-gile-co-vest-va-quan-tay-ong-suong-xanh","8":"product_tag-set-ao-gile-co-vest","9":"product_tag-set-ao-gile-co-vest-va-quan-tay-ong-suong-xanh","11":"first","12":"instock","13":"shipping-taxable","14":"purchasable","15":"product-type-variable"},"_links":{"self":[{"href":"https:\/\/kisuca.com\/en\/wp-json\/wp\/v2\/product\/1546","targetHints":{"allow":["GET"]}}],"collection":[{"href":"https:\/\/kisuca.com\/en\/wp-json\/wp\/v2\/product"}],"about":[{"href":"https:\/\/kisuca.com\/en\/wp-json\/wp\/v2\/types\/product"}],"replies":[{"embeddable":true,"href":"https:\/\/kisuca.com\/en\/wp-json\/wp\/v2\/comments?post=1546"}],"wp:featuredmedia":[{"embeddable":true,"href":"https:\/\/kisuca.com\/en\/wp-json\/wp\/v2\/media\/1551"}],"wp:attachment":[{"href":"https:\/\/kisuca.com\/en\/wp-json\/wp\/v2\/media?parent=1546"}],"wp:term":[{"taxonomy":"product_brand","embeddable":true,"href":"https:\/\/kisuca.com\/en\/wp-json\/wp\/v2\/product_brand?post=1546"},{"taxonomy":"product_cat","embeddable":true,"href":"https:\/\/kisuca.com\/en\/wp-json\/wp\/v2\/product_cat?post=1546"},{"taxonomy":"product_tag","embeddable":true,"href":"https:\/\/kisuca.com\/en\/wp-json\/wp\/v2\/product_tag?post=1546"}],"curies":[{"name":"wp","href":"https:\/\/api.w.org\/{rel}","templated":true}]}}