{"id":1535,"date":"2026-03-13T14:14:11","date_gmt":"2026-03-13T14:14:11","guid":{"rendered":"https:\/\/kisuca.com\/?post_type=product&#038;p=1535"},"modified":"2026-03-15T06:46:34","modified_gmt":"2026-03-15T06:46:34","slug":"quan-lung-ban","status":"publish","type":"product","link":"https:\/\/kisuca.com\/en\/san-pham\/quan-lung-ban\/","title":{"rendered":"Qu\u1ea7n \u1ed1ng su\u00f4ng x\u00e1m nh\u1ea1t v\u00e0 xanh \u0111en"},"content":{"rendered":"<p data-start=\"110\" data-end=\"391\">Qu\u1ea7n \u1ed1ng su\u00f4ng l\u00e0 m\u1eabu qu\u1ea7n d\u1ec5 m\u1eb7c, d\u1ec5 ph\u1ed1i v\u00e0 ph\u00f9 h\u1ee3p v\u1edbi nhi\u1ec1u ho\u00e0n c\u1ea3nh kh\u00e1c nhau. V\u1edbi phom d\u00e1ng su\u00f4ng tho\u1ea3i m\u00e1i c\u00f9ng nh\u1eefng gam m\u00e0u c\u01a1 b\u1ea3n, s\u1ea3n ph\u1ea9m mang l\u1ea1i c\u1ea3m gi\u00e1c g\u1ecdn g\u00e0ng, thanh l\u1ecbch nh\u01b0ng v\u1eabn \u0111\u1ee7 tr\u1ebb trung \u0111\u1ec3 m\u1eb7c \u0111i l\u00e0m, \u0111i ch\u01a1i ho\u1eb7c g\u1eb7p g\u1ee1 b\u1ea1n b\u00e8.<\/p>\n<h2 data-start=\"393\" data-end=\"413\"><strong data-start=\"393\" data-end=\"413\">\u0110\u1eb7c \u0111i\u1ec3m n\u1ed5i b\u1eadt cu\u0309a qu\u1ea7n \u1ed1ng su\u00f4ng x\u00e1m nh\u1ea1t v\u00e0 xanh \u0111en<\/strong><\/h2>\n<h3 data-start=\"415\" data-end=\"632\"><strong data-start=\"415\" data-end=\"445\">Phom qu\u1ea7n d\u1ec5 m\u1eb7c, t\u00f4n d\u00e1ng<\/strong><\/h3>\n<p data-start=\"415\" data-end=\"632\">Thi\u1ebft k\u1ebf \u1ed1ng su\u00f4ng gi\u00fap t\u1ed5ng th\u1ec3 tr\u00f4ng c\u00e2n \u0111\u1ed1i h\u01a1n, \u0111\u1ed3ng th\u1eddi h\u1ed7 tr\u1ee3 che khuy\u1ebft \u0111i\u1ec3m ph\u1ea7n ch\u00e2n kh\u00e1 t\u1ed1t. Khi m\u1eb7c l\u00ean, qu\u1ea7n t\u1ea1o c\u1ea3m gi\u00e1c g\u1ecdn g\u00e0ng v\u00e0 gi\u00fap d\u00e1ng ng\u01b0\u1eddi nh\u00ecn thanh tho\u00e1t h\u01a1n.<\/p>\n<h3 data-start=\"634\" data-end=\"900\"><strong data-start=\"634\" data-end=\"656\">M\u00e0u s\u1eafc d\u1ec5 ph\u1ed1i \u0111\u1ed3<\/strong><\/h3>\n<p data-start=\"634\" data-end=\"900\">S\u1ea3n ph\u1ea9m c\u00f3 2 m\u00e0u l\u00e0 x\u00e1m nh\u1ea1t v\u00e0 xanh \u0111en. \u0110\u00e2y \u0111\u1ec1u l\u00e0 nh\u1eefng gam m\u00e0u c\u01a1 b\u1ea3n, d\u1ec5 k\u1ebft h\u1ee3p v\u1edbi nhi\u1ec1u ki\u1ec3u \u00e1o kh\u00e1c nhau. M\u00e0u x\u00e1m nh\u1ea1t mang l\u1ea1i c\u1ea3m gi\u00e1c nh\u1eb9 nh\u00e0ng, hi\u1ec7n \u0111\u1ea1i, trong khi xanh \u0111en ph\u00f9 h\u1ee3p v\u1edbi phong c\u00e1ch thanh l\u1ecbch v\u00e0 d\u1ec5 m\u1eb7c h\u1eb1ng ng\u00e0y.<\/p>\n<h3 data-start=\"902\" data-end=\"1104\"><strong data-start=\"902\" data-end=\"925\">Ch\u1ea5t li\u1ec7u tho\u1ea3i m\u00e1i<\/strong><\/h3>\n<p data-start=\"902\" data-end=\"1104\">Qu\u1ea7n \u0111\u01b0\u1ee3c may t\u1eeb ch\u1ea5t v\u1ea3i m\u1ec1m, b\u1ec1 m\u1eb7t t\u01b0\u01a1ng \u0111\u1ed1i ph\u1eb3ng v\u00e0 h\u1ea1n ch\u1ebf nh\u0103n khi s\u1eed d\u1ee5ng. Nh\u1edd v\u1eady, s\u1ea3n ph\u1ea9m gi\u1eef \u0111\u01b0\u1ee3c phom kh\u00e1 t\u1ed1t v\u00e0 t\u1ea1o c\u1ea3m gi\u00e1c ch\u1ec9n chu khi m\u1eb7c trong th\u1eddi gian d\u00e0i.<\/p>\n<p data-start=\"1106\" data-end=\"1266\"><strong data-start=\"1106\" data-end=\"1130\">Th\u00f4ng tin k\u00edch th\u01b0\u1edbc<\/strong><\/p>\n<ul>\n<li data-start=\"1106\" data-end=\"1266\">K\u00edch c\u1ee1: Free size.<\/li>\n<li data-start=\"1106\" data-end=\"1266\">Thi\u1ebft k\u1ebf c\u1ea1p qu\u1ea7n linh ho\u1ea1t, phom \u1ed1ng su\u00f4ng r\u1ed9ng v\u1eeba ph\u1ea3i n\u00ean kh\u00e1 d\u1ec5 m\u1eb7c v\u00e0 t\u1ea1o c\u1ea3m gi\u00e1c tho\u1ea3i m\u00e1i khi s\u1eed d\u1ee5ng.<\/li>\n<\/ul>\n<h2 data-start=\"1268\" data-end=\"1285\"><strong data-start=\"1268\" data-end=\"1285\">G\u1ee3i \u00fd ph\u1ed1i \u0111\u1ed3 cu\u0300ng <\/strong><strong data-start=\"393\" data-end=\"413\">qu\u1ea7n \u1ed1ng su\u00f4ng<\/strong><\/h2>\n<ul>\n<li data-start=\"1287\" data-end=\"1448\"><strong data-start=\"1287\" data-end=\"1309\">Phong c\u00e1ch c\u00f4ng s\u1edf: <\/strong>B\u1ea1n c\u00f3 th\u1ec3 ph\u1ed1i qu\u1ea7n c\u00f9ng \u00e1o s\u01a1 mi, \u00e1o gile ho\u1eb7c \u00e1o ki\u1ec3u \u0111\u01a1n gi\u1ea3n \u0111\u1ec3 t\u1ea1o t\u1ed5ng th\u1ec3 thanh l\u1ecbch, ph\u00f9 h\u1ee3p khi \u0111i l\u00e0m ho\u1eb7c g\u1eb7p g\u1ee1 kh\u00e1ch h\u00e0ng.<\/li>\n<li data-start=\"1287\" data-end=\"1448\"><strong data-start=\"1450\" data-end=\"1474\">Phong c\u00e1ch tr\u1ebb trung: <\/strong>N\u1ebfu mu\u1ed1n m\u1eb7c theo h\u01b0\u1edbng n\u0103ng \u0111\u1ed9ng h\u01a1n, qu\u1ea7n c\u00f3 th\u1ec3 k\u1ebft h\u1ee3p v\u1edbi \u00e1o thun \u00f4m, \u00e1o croptop ho\u1eb7c \u00e1o hai d\u00e2y \u0111\u1ec3 t\u1ea1o c\u1ea3m gi\u00e1c hi\u1ec7n \u0111\u1ea1i v\u00e0 tho\u1ea3i m\u00e1i h\u01a1n.<\/li>\n<\/ul>\n<h2 data-start=\"1623\" data-end=\"1647\"><strong data-start=\"1623\" data-end=\"1645\">H\u01b0\u1edbng d\u1eabn b\u1ea3o qu\u1ea3n<\/strong><\/h2>\n<ul>\n<li data-start=\"49\" data-end=\"306\">\u0110\u1ec3 qu\u1ea7n lu\u00f4n gi\u1eef \u0111\u01b0\u1ee3c phom \u0111\u1eb9p v\u00e0 b\u1ec1n m\u00e0u trong qu\u00e1 tr\u00ecnh s\u1eed d\u1ee5ng, b\u1ea1n n\u00ean \u01b0u ti\u00ean gi\u1eb7t tay. N\u1ebfu gi\u1eb7t m\u00e1y, n\u00ean ch\u1ecdn ch\u1ebf \u0111\u1ed9 gi\u1eb7t nh\u1eb9 v\u00e0 cho s\u1ea3n ph\u1ea9m v\u00e0o t\u00fai gi\u1eb7t \u0111\u1ec3 h\u1ea1n ch\u1ebf ma s\u00e1t m\u1ea1nh l\u00e0m \u1ea3nh h\u01b0\u1edfng \u0111\u1ebfn form qu\u1ea7n c\u0169ng nh\u01b0 b\u1ec1 m\u1eb7t v\u1ea3i.<\/li>\n<li data-start=\"308\" data-end=\"544\">Khi gi\u1eb7t, n\u00ean ph\u00e2n lo\u1ea1i ri\u00eang qu\u1ea7n s\u00e1ng m\u00e0u v\u00e0 qu\u1ea7n t\u1ed1i m\u00e0u \u0111\u1ec3 tr\u00e1nh t\u00ecnh tr\u1ea1ng lem m\u00e0u sang c\u00e1c trang ph\u1ee5c kh\u00e1c. \u0110\u1ed3ng th\u1eddi, kh\u00f4ng n\u00ean s\u1eed d\u1ee5ng ch\u1ea5t t\u1ea9y r\u1eeda qu\u00e1 m\u1ea1nh v\u00ec c\u00f3 th\u1ec3 l\u00e0m m\u00e0u v\u1ea3i nhanh phai v\u00e0 \u1ea3nh h\u01b0\u1edfng \u0111\u1ebfn \u0111\u1ed9 b\u1ec1n c\u1ee7a ch\u1ea5t li\u1ec7u.<\/li>\n<li data-start=\"546\" data-end=\"822\">Sau khi gi\u1eb7t, n\u00ean ph\u01a1i qu\u1ea7n \u1edf n\u01a1i kh\u00f4 r\u00e1o, tho\u00e1ng gi\u00f3, tr\u00e1nh \u00e1nh n\u1eafng g\u1eaft chi\u1ebfu tr\u1ef1c ti\u1ebfp trong th\u1eddi gian d\u00e0i v\u00ec d\u1ec5 l\u00e0m v\u1ea3i b\u1ea1c m\u00e0u. Khi c\u1ea7n l\u00e0m ph\u1eb3ng qu\u1ea7n, b\u1ea1n n\u00ean \u1ee7i \u1edf nhi\u1ec7t \u0111\u1ed9 v\u1eeba ph\u1ea3i ho\u1eb7c s\u1eed d\u1ee5ng b\u00e0n \u1ee7i h\u01a1i n\u01b0\u1edbc \u0111\u1ec3 b\u1ec1 m\u1eb7t v\u1ea3i ph\u1eb3ng h\u01a1n m\u00e0 v\u1eabn gi\u1eef \u0111\u01b0\u1ee3c phom d\u00e1ng t\u1ef1 nhi\u00ean.<\/li>\n<\/ul>\n<p data-start=\"1877\" data-end=\"2024\"><strong data-start=\"1877\" data-end=\"1907\">Th\u00f4ng tin \u0111\u01a1n v\u1ecb ph\u00e2n ph\u1ed1i<\/strong><\/p>\n<p data-start=\"1877\" data-end=\"2024\"><strong data-start=\"1910\" data-end=\"1952\">C\u00f4ng ty TNHH Xu\u1ea5t Nh\u1eadp Kh\u1ea9u May H v\u00e0 T<\/strong><\/p>\n<p data-start=\"1877\" data-end=\"2024\">\u0110\u1ecba ch\u1ec9: 35\/4A \u1ea5p M\u1ef9 Hu\u1ec1, x\u00e3 B\u00e0 \u0110i\u1ec3m, TP.HCM<\/p>\n<p data-start=\"1877\" data-end=\"2024\">M\u00e3 s\u1ed1 thu\u1ebf: 0315614395<\/p>\n","protected":false},"excerpt":{"rendered":"<p>Qu\u1ea7n \u1ed1ng su\u00f4ng l\u00e0 m\u1eabu qu\u1ea7n d\u1ec5 m\u1eb7c, d\u1ec5 ph\u1ed1i v\u00e0 ph\u00f9 h\u1ee3p v\u1edbi nhi\u1ec1u ho\u00e0n c\u1ea3nh kh\u00e1c nhau. V\u1edbi phom d\u00e1ng su\u00f4ng tho\u1ea3i m\u00e1i c\u00f9ng<span class=\"excerpt-hellip\"> [\u2026]<\/span><\/p>\n","protected":false},"featured_media":1540,"comment_status":"open","ping_status":"closed","template":"","meta":[],"product_brand":[],"product_cat":[173],"product_tag":[185],"class_list":{"0":"post-1535","1":"product","2":"type-product","3":"status-publish","4":"has-post-thumbnail","6":"product_cat-quan-cong-so","7":"product_tag-quan-ong-suong","9":"first","10":"instock","11":"shipping-taxable","12":"purchasable","13":"product-type-variable"},"_links":{"self":[{"href":"https:\/\/kisuca.com\/en\/wp-json\/wp\/v2\/product\/1535","targetHints":{"allow":["GET"]}}],"collection":[{"href":"https:\/\/kisuca.com\/en\/wp-json\/wp\/v2\/product"}],"about":[{"href":"https:\/\/kisuca.com\/en\/wp-json\/wp\/v2\/types\/product"}],"replies":[{"embeddable":true,"href":"https:\/\/kisuca.com\/en\/wp-json\/wp\/v2\/comments?post=1535"}],"wp:featuredmedia":[{"embeddable":true,"href":"https:\/\/kisuca.com\/en\/wp-json\/wp\/v2\/media\/1540"}],"wp:attachment":[{"href":"https:\/\/kisuca.com\/en\/wp-json\/wp\/v2\/media?parent=1535"}],"wp:term":[{"taxonomy":"product_brand","embeddable":true,"href":"https:\/\/kisuca.com\/en\/wp-json\/wp\/v2\/product_brand?post=1535"},{"taxonomy":"product_cat","embeddable":true,"href":"https:\/\/kisuca.com\/en\/wp-json\/wp\/v2\/product_cat?post=1535"},{"taxonomy":"product_tag","embeddable":true,"href":"https:\/\/kisuca.com\/en\/wp-json\/wp\/v2\/product_tag?post=1535"}],"curies":[{"name":"wp","href":"https:\/\/api.w.org\/{rel}","templated":true}]}}