{"id":1514,"date":"2026-03-13T13:58:24","date_gmt":"2026-03-13T13:58:24","guid":{"rendered":"https:\/\/kisuca.com\/?post_type=product&#038;p=1514"},"modified":"2026-03-15T03:51:05","modified_gmt":"2026-03-15T03:51:05","slug":"set-linen-ao-tay-hen-co-v-va-chan-vay","status":"publish","type":"product","link":"https:\/\/kisuca.com\/en\/san-pham\/set-linen-ao-tay-hen-co-v-va-chan-vay\/","title":{"rendered":"Set linen \u00e1o tay h\u1ebfn c\u1ed5 V v\u00e0 ch\u00e2n v\u00e1y \u0111\u00ednh khuy m\u00e0u"},"content":{"rendered":"<p data-start=\"161\" data-end=\"501\">Set linen \u00e1o tay h\u1ebfn c\u1ed5 V v\u00e0 ch\u00e2n v\u00e1y \u0111\u00ednh khuy m\u00e0u l\u00e0 l\u1ef1a ch\u1ecdn ph\u00f9 h\u1ee3p cho nh\u1eefng ai th\u00edch phong c\u00e1ch nh\u1eb9 nh\u00e0ng, n\u1eef t\u00ednh v\u00e0 d\u1ec5 m\u1eb7c. Thi\u1ebft k\u1ebf c\u1ee7a set kh\u00e1 \u0111\u01a1n gi\u1ea3n nh\u01b0ng v\u1eabn c\u00f3 \u0111i\u1ec3m nh\u1ea5n ri\u00eang, gi\u00fap t\u1ed5ng th\u1ec3 tr\u00f4ng h\u00e0i h\u00f2a v\u00e0 d\u1ec5 \u1ee9ng d\u1ee5ng trong nhi\u1ec1u d\u1ecbp nh\u01b0 \u0111i l\u00e0m, \u0111i ch\u01a1i hay mang theo khi du l\u1ecbch.<\/p>\n<h2 data-start=\"503\" data-end=\"523\"><strong data-start=\"503\" data-end=\"523\">\u0110\u1eb7c \u0111i\u1ec3m n\u1ed5i b\u1eadt cu\u0309a Set linen \u00e1o tay h\u1ebfn c\u1ed5 V v\u00e0 ch\u00e2n v\u00e1y \u0111\u00ednh khuy m\u00e0u<\/strong><\/h2>\n<p data-start=\"525\" data-end=\"765\"><strong data-start=\"525\" data-end=\"556\">\u00c1o d\u00e1ng r\u1ed9ng, m\u1eb7c tho\u1ea3i m\u00e1i<\/strong><\/p>\n<p data-start=\"525\" data-end=\"765\">\u00c1o c\u00f3 phom su\u00f4ng nh\u1eb9, ph\u1ea7n c\u1ed5 ch\u1eef V v\u1eeba ph\u1ea3i n\u00ean khi m\u1eb7c t\u1ea1o c\u1ea3m gi\u00e1c thanh tho\u00e1t h\u01a1n. Thi\u1ebft k\u1ebf tay h\u1ebfn li\u1ec1n th\u00e2n c\u0169ng gi\u00fap ph\u1ea7n vai v\u00e0 b\u1eafp tay tr\u00f4ng m\u1ec1m h\u01a1n, \u0111\u1ed3ng th\u1eddi t\u1ea1o c\u1ea3m gi\u00e1c tho\u1ea3i m\u00e1i trong l\u00fac m\u1eb7c.<\/p>\n<p data-start=\"767\" data-end=\"1010\"><strong data-start=\"767\" data-end=\"796\">Ch\u00e2n v\u00e1y d\u00e0i c\u00f3 \u0111i\u1ec3m nh\u1ea5n<\/strong><\/p>\n<p data-start=\"767\" data-end=\"1010\">Ch\u00e2n v\u00e1y d\u00e1ng ch\u1eef A, \u0111\u1ed9 d\u00e0i qua g\u1ed1i n\u00ean kh\u00e1 d\u1ec5 m\u1eb7c v\u00e0 h\u1ed7 tr\u1ee3 che khuy\u1ebft \u0111i\u1ec3m t\u1ed1t. \u0110i\u1ec3m n\u1ed5i b\u1eadt c\u1ee7a v\u00e1y n\u1eb1m \u1edf h\u00e0ng khuy m\u00e0u ph\u00eda tr\u01b0\u1edbc, k\u1ebft h\u1ee3p v\u1edbi t\u00fai hai b\u00ean t\u1ea1o c\u1ea3m gi\u00e1c tr\u1ebb trung h\u01a1n v\u00e0 c\u0169ng ti\u1ec7n khi s\u1eed d\u1ee5ng.<\/p>\n<p data-start=\"1012\" data-end=\"1216\"><strong data-start=\"1012\" data-end=\"1042\">Ch\u1ea5t li\u1ec7u linen tho\u00e1ng m\u00e1t<\/strong><\/p>\n<p data-start=\"1012\" data-end=\"1216\">Set \u0111\u1ed3 \u0111\u01b0\u1ee3c may t\u1eeb v\u1ea3i linen, b\u1ec1 m\u1eb7t v\u1ea3i c\u00f3 \u0111\u1ed9 m\u1ed9c t\u1ef1 nhi\u00ean, m\u1eb7c nh\u1eb9 v\u00e0 tho\u00e1ng. Ch\u1ea5t li\u1ec7u n\u00e0y ph\u00f9 h\u1ee3p v\u1edbi th\u1eddi ti\u1ebft n\u00f3ng, t\u1ea1o c\u1ea3m gi\u00e1c d\u1ec5 ch\u1ecbu khi m\u1eb7c trong th\u1eddi gian d\u00e0i.<\/p>\n<p><strong data-start=\"1218\" data-end=\"1242\">Th\u00f4ng tin k\u00edch th\u01b0\u1edbc<\/strong><\/p>\n<ul>\n<li data-start=\"1218\" data-end=\"1369\">K\u00edch c\u1ee1: Free size.<\/li>\n<li data-start=\"1218\" data-end=\"1369\">Ph\u00f9 h\u1ee3p v\u1edbi ng\u01b0\u1eddi m\u1eb7c d\u01b0\u1edbi 62 kg.<\/li>\n<li data-start=\"1218\" data-end=\"1369\">Phom d\u00e1ng r\u1ed9ng v\u1eeba ph\u1ea3i n\u00ean kh\u00e1 d\u1ec5 m\u1eb7c v\u00e0 tho\u1ea3i m\u00e1i khi di chuy\u1ec3n.<\/li>\n<\/ul>\n<h2 data-start=\"1371\" data-end=\"1388\"><strong data-start=\"1371\" data-end=\"1388\">G\u1ee3i \u00fd ph\u1ed1i \u0111\u1ed3<\/strong><\/h2>\n<p data-start=\"60\" data-end=\"400\">Set n\u00e0y kh\u00e1 d\u1ec5 m\u1eb7c v\u00e0 kh\u00f4ng c\u1ea7n ph\u1ed1i qu\u00e1 nhi\u1ec1u ph\u1ee5 ki\u1ec7n. V\u1edbi nh\u1eefng ng\u00e0y \u0111i l\u00e0m ho\u1eb7c \u0111i c\u00e0 ph\u00ea, b\u1ea1n c\u00f3 th\u1ec3 k\u1ebft h\u1ee3p c\u00f9ng gi\u00e0y b\u00fap b\u00ea, sandal quai m\u1ea3nh ho\u1eb7c gi\u00e0y th\u1ec3 thao tr\u1eafng \u0111\u1ec3 t\u1ed5ng th\u1ec3 tr\u00f4ng g\u1ecdn g\u00e0ng v\u00e0 nh\u1eb9 nh\u00e0ng. N\u1ebfu mu\u1ed1n outfit c\u00f3 \u0111i\u1ec3m nh\u1ea5n h\u01a1n, ch\u1ec9 c\u1ea7n th\u00eam m\u1ed9t chi\u1ebfc t\u00fai x\u00e1ch \u0111\u01a1n gi\u1ea3n ho\u1eb7c t\u00fai c\u00f3i l\u00e0 \u0111\u00e3 \u0111\u1ee7 h\u00e0i h\u00f2a.<\/p>\n<p data-start=\"402\" data-end=\"774\" data-is-last-node=\"\" data-is-only-node=\"\">Trong nh\u1eefng d\u1ecbp \u0111i ch\u01a1i, du l\u1ecbch ho\u1eb7c ch\u1ee5p h\u00ecnh ngo\u00e0i tr\u1eddi, set \u0111\u1ed3 n\u00e0y c\u0169ng l\u00ean d\u00e1ng kh\u00e1 \u0111\u1eb9p khi \u0111i c\u00f9ng m\u0169 r\u1ed9ng v\u00e0nh, sandal \u0111\u1ebf th\u1ea5p ho\u1eb7c d\u00e9p quai ngang. C\u00e1ch ph\u1ed1i n\u00e0y t\u1ea1o c\u1ea3m gi\u00e1c n\u1eef t\u00ednh, tho\u1ea3i m\u00e1i v\u00e0 r\u1ea5t h\u1ee3p v\u1edbi ch\u1ea5t v\u1ea3i linen.<\/p>\n<p data-start=\"402\" data-end=\"774\" data-is-last-node=\"\" data-is-only-node=\"\">N\u1ebfu th\u00edch phong c\u00e1ch t\u1ed1i gi\u1ea3n, b\u1ea1n ch\u1ec9 c\u1ea7n ch\u1ecdn ph\u1ee5 ki\u1ec7n t\u00f4ng trung t\u00ednh nh\u01b0 tr\u1eafng, kem, be ho\u1eb7c n\u00e2u \u0111\u1ec3 t\u1ed5ng th\u1ec3 nh\u00ecn d\u1ecbu m\u1eaft v\u00e0 d\u1ec5 m\u1eb7c h\u01a1n.<\/p>\n<h2 data-start=\"1767\" data-end=\"1791\"><strong data-start=\"1767\" data-end=\"1789\">H\u01b0\u1edbng d\u1eabn b\u1ea3o qu\u1ea3n<\/strong><\/h2>\n<ul data-start=\"1792\" data-end=\"2105\">\n<li data-section-id=\"11eszw\" data-start=\"1792\" data-end=\"1874\">\n<p data-start=\"1794\" data-end=\"1874\">N\u00ean gi\u1eb7t tay ho\u1eb7c gi\u1eb7t m\u00e1y \u1edf ch\u1ebf \u0111\u1ed9 nh\u1eb9 v\u1edbi n\u01b0\u1edbc l\u1ea1nh \u0111\u1ec3 gi\u1eef ch\u1ea5t v\u1ea3i b\u1ec1n h\u01a1n.<\/p>\n<\/li>\n<li data-section-id=\"p1g1vc\" data-start=\"1875\" data-end=\"1947\">\n<p data-start=\"1877\" data-end=\"1947\">Khi gi\u1eb7t, n\u00ean ch\u00fa \u00fd ph\u1ea7n khuy \u0111\u00ednh tr\u00ean v\u00e1y \u0111\u1ec3 h\u1ea1n ch\u1ebf va ch\u1ea1m m\u1ea1nh.<\/p>\n<\/li>\n<li data-section-id=\"135cdug\" data-start=\"1948\" data-end=\"2027\">\n<p data-start=\"1950\" data-end=\"2027\">N\u00ean ph\u01a1i \u1edf n\u01a1i tho\u00e1ng m\u00e1t, tr\u00e1nh n\u1eafng g\u1eaft tr\u1ef1c ti\u1ebfp \u0111\u1ec3 v\u1ea3i gi\u1eef m\u00e0u t\u1ed1t h\u01a1n.<\/p>\n<\/li>\n<li data-section-id=\"9ek4ta\" data-start=\"2028\" data-end=\"2105\">\n<p data-start=\"2030\" data-end=\"2105\">C\u00f3 th\u1ec3 \u1ee7i khi v\u1ea3i c\u00f2n h\u01a1i \u1ea9m ho\u1eb7c d\u00f9ng b\u00e0n \u1ee7i h\u01a1i n\u01b0\u1edbc \u0111\u1ec3 l\u00e0m ph\u1eb3ng d\u1ec5 h\u01a1n.<\/p>\n<\/li>\n<\/ul>\n<p data-start=\"2107\" data-end=\"2254\"><strong data-start=\"2107\" data-end=\"2137\">Th\u00f4ng tin \u0111\u01a1n v\u1ecb ph\u00e2n ph\u1ed1i<\/strong><br data-start=\"2137\" data-end=\"2140\" \/><strong data-start=\"2140\" data-end=\"2182\">C\u00f4ng ty TNHH Xu\u1ea5t Nh\u1eadp Kh\u1ea9u May H v\u00e0 T<\/strong><br data-start=\"2182\" data-end=\"2185\" \/>\u0110\u1ecba ch\u1ec9: 35\/4A \u1ea5p M\u1ef9 Hu\u1ec1, x\u00e3 B\u00e0 \u0110i\u1ec3m, TP.HCM<br data-start=\"2229\" data-end=\"2232\" \/>M\u00e3 s\u1ed1 thu\u1ebf: 0315614395<\/p>\n","protected":false},"excerpt":{"rendered":"<p>Set linen \u00e1o tay h\u1ebfn c\u1ed5 V v\u00e0 ch\u00e2n v\u00e1y \u0111\u00ednh khuy m\u00e0u l\u00e0 l\u1ef1a ch\u1ecdn ph\u00f9 h\u1ee3p cho nh\u1eefng ai th\u00edch phong c\u00e1ch nh\u1eb9 nh\u00e0ng,<span class=\"excerpt-hellip\"> [\u2026]<\/span><\/p>\n","protected":false},"featured_media":1517,"comment_status":"open","ping_status":"closed","template":"","meta":[],"product_brand":[],"product_cat":[175],"product_tag":[186,187],"class_list":{"0":"post-1514","1":"product","2":"type-product","3":"status-publish","4":"has-post-thumbnail","6":"product_cat-set-cong-so","7":"product_tag-set-linen-ao-tay-hen-co-v","8":"product_tag-set-linen-ao-tay-hen-co-v-va-chan-vay-dinh-khuy-mau","10":"first","11":"instock","12":"shipping-taxable","13":"purchasable","14":"product-type-variable"},"_links":{"self":[{"href":"https:\/\/kisuca.com\/en\/wp-json\/wp\/v2\/product\/1514","targetHints":{"allow":["GET"]}}],"collection":[{"href":"https:\/\/kisuca.com\/en\/wp-json\/wp\/v2\/product"}],"about":[{"href":"https:\/\/kisuca.com\/en\/wp-json\/wp\/v2\/types\/product"}],"replies":[{"embeddable":true,"href":"https:\/\/kisuca.com\/en\/wp-json\/wp\/v2\/comments?post=1514"}],"wp:featuredmedia":[{"embeddable":true,"href":"https:\/\/kisuca.com\/en\/wp-json\/wp\/v2\/media\/1517"}],"wp:attachment":[{"href":"https:\/\/kisuca.com\/en\/wp-json\/wp\/v2\/media?parent=1514"}],"wp:term":[{"taxonomy":"product_brand","embeddable":true,"href":"https:\/\/kisuca.com\/en\/wp-json\/wp\/v2\/product_brand?post=1514"},{"taxonomy":"product_cat","embeddable":true,"href":"https:\/\/kisuca.com\/en\/wp-json\/wp\/v2\/product_cat?post=1514"},{"taxonomy":"product_tag","embeddable":true,"href":"https:\/\/kisuca.com\/en\/wp-json\/wp\/v2\/product_tag?post=1514"}],"curies":[{"name":"wp","href":"https:\/\/api.w.org\/{rel}","templated":true}]}}