{"id":1359,"date":"2026-03-08T14:52:15","date_gmt":"2026-03-08T14:52:15","guid":{"rendered":"https:\/\/kisuca.com\/?post_type=product&#038;p=1359"},"modified":"2026-03-15T04:11:13","modified_gmt":"2026-03-15T04:11:13","slug":"quan-linen-ong-suong-xep-ly-truoc-cap-cao","status":"publish","type":"product","link":"https:\/\/kisuca.com\/en\/san-pham\/quan-linen-ong-suong-xep-ly-truoc-cap-cao\/","title":{"rendered":"Qu\u1ea7n linen \u1ed1ng su\u00f4ng x\u1ebfp ly tr\u01b0\u1edbc c\u1ea1p cao"},"content":{"rendered":"<p data-path-to-node=\"2\">Qu\u1ea7n linen \u1ed1ng su\u00f4ng x\u1ebfp ly tr\u01b0\u1edbc c\u1ea1p cao l\u00e0 m\u1ed9t trong nh\u1eefng thi\u1ebft k\u1ebf mang t\u00ednh \u1ee9ng d\u1ee5ng cao, x\u1ee9ng \u0111\u00e1ng c\u00f3 m\u1eb7t trong t\u1ee7 \u0111\u1ed3 c\u1ee7a m\u1ecdi c\u00f4 n\u00e0ng hi\u1ec7n \u0111\u1ea1i. Kh\u00f4ng ch\u1ec9 ghi \u0111i\u1ec3m b\u1edfi kh\u1ea3 n\u0103ng &#8220;hack d\u00e1ng&#8221; t\u00e0i t\u00ecnh, m\u1eabu qu\u1ea7n n\u00e0y c\u00f2n mang \u0111\u1ebfn s\u1ef1 tho\u1ea3i m\u00e1i t\u1ed1i \u0111a nh\u1edd thi\u1ebft k\u1ebf l\u01b0ng thun co gi\u00e3n linh ho\u1ea1t.<\/p>\n<p data-path-to-node=\"2\">V\u1edbi ch\u1ea5t li\u1ec7u m\u1ecfng nh\u1eb9, tho\u00e1ng m\u00e1t, \u0111\u00e2y l\u00e0 ch\u00e2n \u00e1i gi\u00fap ph\u00e1i \u0111\u1eb9p t\u1ef1 tin di\u1ec7n trong m\u1ecdi ho\u00e0n c\u1ea3nh, t\u1eeb ch\u1ed1n c\u00f4ng s\u1edf thanh l\u1ecbch \u0111\u1ebfn nh\u1eefng bu\u1ed5i d\u1ea1o ph\u1ed1 cu\u1ed1i tu\u1ea7n th\u01b0 gi\u00e3n.<\/p>\n<h2 data-path-to-node=\"3\"><b data-path-to-node=\"3\" data-index-in-node=\"0\">\u0110\u1eb7c \u0111i\u1ec3m n\u1ed5i b\u1eadt c\u1ee7a qu\u1ea7n linen \u1ed1ng su\u00f4ng x\u1ebfp ly tr\u01b0\u1edbc c\u1ea1p cao<\/b><\/h2>\n<h3>Ch\u1ea5t li\u1ec7u linen pha t\u1ed1i \u01b0u tr\u1ea3i nghi\u1ec7m<\/h3>\n<p>Qu\u1ea7n \u0111\u01b0\u1ee3c may t\u1eeb ch\u1ea5t li\u1ec7u v\u1ea3i 50% linen. T\u1ef7 l\u1ec7 pha tr\u1ed9n ho\u00e0n h\u1ea3o n\u00e0y gi\u00fap gi\u1eef l\u1ea1i tr\u1ecdn v\u1eb9n \u0111\u1eb7c t\u00ednh tho\u00e1ng m\u00e1t, th\u1ea5m h\u00fat m\u1ed3 h\u00f4i t\u1ed1t c\u1ee7a linen t\u1ef1 nhi\u00ean, \u0111\u1ed3ng th\u1eddi kh\u1eafc ph\u1ee5c \u0111\u01b0\u1ee3c nh\u01b0\u1ee3c \u0111i\u1ec3m d\u1ec5 nh\u0103n. B\u1ec1 m\u1eb7t v\u1ea3i m\u1ec1m m\u1ea1i, th\u00e2n thi\u1ec7n v\u1edbi l\u00e0n da v\u00e0 gi\u1eef \u0111\u01b0\u1ee3c n\u1ebfp ph\u1eb3ng phiu l\u00e2u h\u01a1n, gi\u00fap b\u1ea1n lu\u00f4n duy tr\u00ec v\u1ebb ngo\u00e0i g\u1ecdn g\u00e0ng, ch\u1ec9n chu trong su\u1ed1t ng\u00e0y d\u00e0i sinh ho\u1ea1t.<\/p>\n<h3>Thi\u1ebft k\u1ebf t\u00f4n d\u00e1ng v\u00e0 tho\u1ea3i m\u00e1i t\u1ed1i \u0111a<\/h3>\n<p>Form qu\u1ea7n \u1ed1ng su\u00f4ng r\u1ed9ng r\u00e3i r\u1ee7 xu\u1ed1ng t\u1ef1 nhi\u00ean kh\u00f4ng ch\u1ec9 gi\u00fap che \u0111i nh\u1eefng khuy\u1ebft \u0111i\u1ec3m \u1edf ph\u1ea7n \u0111\u00f9i hay b\u1eafp ch\u00e2n m\u00e0 c\u00f2n t\u1ea1o hi\u1ec7u \u1ee9ng k\u00e9o d\u00e0i \u0111\u00f4i ch\u00e2n c\u1ef1c k\u1ef3 hi\u1ec7u qu\u1ea3.<\/p>\n<p>\u0110i\u1ec3m c\u1ed9ng l\u1edbn nh\u1ea5t l\u00e0 ph\u1ea7n l\u01b0ng chun (c\u1ea1p chun) co gi\u00e3n \u00eam \u00e1i, \u00f4m v\u1eeba v\u1eb7n v\u00f2ng eo m\u00e0 kh\u00f4ng h\u1ec1 \u0111\u1ec3 l\u1ea1i v\u1ebft h\u1eb1n hay c\u1ea3m gi\u00e1c g\u00f2 b\u00f3. Th\u00eam v\u00e0o \u0111\u00f3, chi ti\u1ebft ph\u1ed1i n\u00fat \u0111\u01b0\u1ee3c \u0111\u00ednh k\u1ebft tinh t\u1ebf \u1edf th\u00e2n qu\u1ea7n t\u1ea1o n\u00ean m\u1ed9t \u0111i\u1ec3m nh\u1ea5n ph\u00e1 c\u00e1ch, gi\u00fap t\u1ed5ng th\u1ec3 b\u1edbt \u0111i s\u1ef1 \u0111\u01a1n \u0111i\u1ec7u v\u00e0 t\u0103ng th\u00eam n\u00e9t c\u00e1 t\u00ednh.<\/p>\n<h3>B\u1ea3ng m\u00e0u hi\u1ec7n \u0111\u1ea1i, d\u1ec5 d\u00e0ng l\u1ef1a ch\u1ecdn<\/h3>\n<p>S\u1ea3n ph\u1ea9m s\u1edf h\u1eefu 3 gam m\u00e0u v\u00f4 c\u00f9ng t\u00f4n da v\u00e0 h\u1ee3p xu h\u01b0\u1edbng, bao g\u1ed3m xanh h\u00e0n, xanh r\u00eau v\u00e0 x\u00e1m nh\u1ea1t. \u0110\u00e2y \u0111\u1ec1u l\u00e0 nh\u1eefng t\u00f4ng m\u00e0u trung t\u00ednh, trang nh\u00e3, c\u1ef1c k\u1ef3 &#8220;d\u1ec5 t\u00ednh&#8221; trong vi\u1ec7c ph\u1ed1i h\u1ee3p c\u00f9ng nhi\u1ec1u b\u1ea3ng m\u00e0u v\u00e0 ki\u1ec3u d\u00e1ng \u00e1o kh\u00e1c nhau, gi\u00fap b\u1ea1n linh ho\u1ea1t thay \u0111\u1ed5i phong c\u00e1ch m\u1ed7i ng\u00e0y.<\/p>\n<h2 data-path-to-node=\"7\"><b data-path-to-node=\"7\" data-index-in-node=\"0\">G\u1ee3i \u00fd c\u00e1ch ph\u1ed1i \u0111\u1ed3 \u0111a phong c\u00e1ch<\/b><\/h2>\n<ul>\n<li data-path-to-node=\"8\">M\u1eb7c \u0111i l\u00e0m thanh l\u1ecbch, ch\u1ec9n chu: Trong nh\u1eefng ng\u00e0y \u0111i l\u00e0m c\u1ea7n s\u1ef1 chuy\u00ean nghi\u1ec7p, b\u1ea1n h\u00e3y k\u1ebft h\u1ee3p qu\u1ea7n m\u00e0u xanh r\u00eau ho\u1eb7c x\u00e1m nh\u1ea1t c\u00f9ng \u00e1o s\u01a1 mi truy\u1ec1n th\u1ed1ng, \u00e1o ki\u1ec3u c\u00e1ch \u0111i\u1ec7u ho\u1eb7c m\u1ed9t chi\u1ebfc \u00e1o gile kho\u00e1c ngo\u00e0i. \u0110\u1eebng qu\u00ean s\u01a1 vin g\u1ecdn g\u00e0ng, c\u00e1ch m\u1eb7c n\u00e0y mang l\u1ea1i c\u1ea3m gi\u00e1c thanh l\u1ecbch, nh\u00e3 nh\u1eb7n v\u00e0 t\u1ea1o \u1ea5n t\u01b0\u1ee3ng t\u1ed1t n\u01a1i c\u00f4ng s\u1edf.<\/li>\n<li data-path-to-node=\"8\">M\u1eb7c \u0111i ch\u01a1i n\u0103ng \u0111\u1ed9ng, tr\u1ebb trung: Khi b\u01b0\u1edbc ra kh\u1ecfi m\u00f4i tr\u01b0\u1eddng v\u0103n ph\u00f2ng v\u00e0 h\u00f2a m\u00ecnh v\u00e0o nh\u1eefng bu\u1ed5i d\u1ea1o ph\u1ed1 hay h\u1eb9n h\u00f2, chi\u1ebfc qu\u1ea7n n\u00e0y s\u1ebd bi\u1ebfn h\u00f3a ho\u00e0n h\u1ea3o khi \u0111\u01b0\u1ee3c ph\u1ed1i c\u00f9ng \u00e1o thun \u00f4m s\u00e1t, \u00e1o hai d\u00e2y ho\u1eb7c croptop. S\u1ef1 k\u1ebft h\u1ee3p n\u00e0y kh\u00f4ng ch\u1ec9 mang l\u1ea1i c\u1ea3m gi\u00e1c tho\u1ea3i m\u00e1i, nh\u1eb9 nh\u00e0ng m\u00e0 c\u00f2n kh\u00e9o l\u00e9o t\u00f4n l\u00ean n\u00e9t tr\u1ebb trung, hi\u1ec7n \u0111\u1ea1i v\u00e0 kh\u00f4ng k\u00e9m ph\u1ea7n n\u1ed5i b\u1eadt.<\/li>\n<\/ul>\n<p data-path-to-node=\"10\"><b data-path-to-node=\"10\" data-index-in-node=\"0\">Th\u00f4ng tin \u0111\u01a1n v\u1ecb ph\u00e2n ph\u1ed1i<\/b><\/p>\n<p data-path-to-node=\"11\">C\u00f4ng ty TNHH Xu\u1ea5t Nh\u1eadp Kh\u1ea9u May H v\u00e0 T<\/p>\n<p data-path-to-node=\"11\">\u0110\u1ecba ch\u1ec9: 35\/4A \u1ea5p M\u1ef9 Hu\u1ec1, x\u00e3 B\u00e0 \u0110i\u1ec3m, TP.HCM<\/p>\n<p data-path-to-node=\"11\">M\u00e3 s\u1ed1 thu\u1ebf: 0315614395<\/p>\n","protected":false},"excerpt":{"rendered":"<p>Qu\u1ea7n linen \u1ed1ng su\u00f4ng x\u1ebfp ly tr\u01b0\u1edbc c\u1ea1p cao l\u00e0 m\u1ed9t trong nh\u1eefng thi\u1ebft k\u1ebf mang t\u00ednh \u1ee9ng d\u1ee5ng cao, x\u1ee9ng \u0111\u00e1ng c\u00f3 m\u1eb7t trong t\u1ee7 \u0111\u1ed3 c\u1ee7a m\u1ecdi c\u00f4 n\u00e0ng hi\u1ec7n \u0111\u1ea1i. Kh\u00f4ng ch\u1ec9 ghi \u0111i\u1ec3m b\u1edfi kh\u1ea3 n\u0103ng &#8220;hack d\u00e1ng&#8221; t\u00e0i t\u00ecnh, m\u1eabu qu\u1ea7n n\u00e0y c\u00f2n mang \u0111\u1ebfn s\u1ef1 tho\u1ea3i m\u00e1i t\u1ed1i \u0111a nh\u1edd thi\u1ebft k\u1ebf l\u01b0ng thun co gi\u00e3n linh ho\u1ea1t.<\/p>\n","protected":false},"featured_media":1360,"comment_status":"open","ping_status":"closed","template":"","meta":[],"product_brand":[],"product_cat":[173],"product_tag":[],"class_list":{"0":"post-1359","1":"product","2":"type-product","3":"status-publish","4":"has-post-thumbnail","6":"product_cat-quan-cong-so","8":"first","9":"instock","10":"shipping-taxable","11":"purchasable","12":"product-type-variable"},"_links":{"self":[{"href":"https:\/\/kisuca.com\/en\/wp-json\/wp\/v2\/product\/1359","targetHints":{"allow":["GET"]}}],"collection":[{"href":"https:\/\/kisuca.com\/en\/wp-json\/wp\/v2\/product"}],"about":[{"href":"https:\/\/kisuca.com\/en\/wp-json\/wp\/v2\/types\/product"}],"replies":[{"embeddable":true,"href":"https:\/\/kisuca.com\/en\/wp-json\/wp\/v2\/comments?post=1359"}],"wp:featuredmedia":[{"embeddable":true,"href":"https:\/\/kisuca.com\/en\/wp-json\/wp\/v2\/media\/1360"}],"wp:attachment":[{"href":"https:\/\/kisuca.com\/en\/wp-json\/wp\/v2\/media?parent=1359"}],"wp:term":[{"taxonomy":"product_brand","embeddable":true,"href":"https:\/\/kisuca.com\/en\/wp-json\/wp\/v2\/product_brand?post=1359"},{"taxonomy":"product_cat","embeddable":true,"href":"https:\/\/kisuca.com\/en\/wp-json\/wp\/v2\/product_cat?post=1359"},{"taxonomy":"product_tag","embeddable":true,"href":"https:\/\/kisuca.com\/en\/wp-json\/wp\/v2\/product_tag?post=1359"}],"curies":[{"name":"wp","href":"https:\/\/api.w.org\/{rel}","templated":true}]}}