{"id":1350,"date":"2026-03-08T14:48:00","date_gmt":"2026-03-08T14:48:00","guid":{"rendered":"https:\/\/kisuca.com\/?post_type=product&#038;p=1350"},"modified":"2026-03-15T06:23:44","modified_gmt":"2026-03-15T06:23:44","slug":"ao-so-mi-linen-trang-co-be-xep-ly-eo","status":"publish","type":"product","link":"https:\/\/kisuca.com\/en\/san-pham\/ao-so-mi-linen-trang-co-be-xep-ly-eo\/","title":{"rendered":"A\u0301o s\u01a1 mi linen tr\u1eafng c\u1ed5 b\u1ebb x\u1ebfp ly eo"},"content":{"rendered":"<p data-start=\"770\" data-end=\"1184\">M\u1eabu <a href=\"https:\/\/kisuca.com\/san-pham\/ao-so-mi-linen-trang-co-be-xep-ly-eo\/\"><strong>a\u0301o s\u01a1 mi linen tr\u1eafng c\u1ed5 b\u1ebb x\u1ebfp ly eo<\/strong><\/a> ph\u00f9 h\u1ee3p v\u1edbi nh\u1eefng ai y\u00eau th\u00edch phong c\u00e1ch thanh l\u1ecbch, n\u1eef t\u00ednh nh\u01b0ng v\u1eabn mu\u1ed1n m\u1eb7c tho\u1ea3i m\u00e1i h\u1eb1ng ng\u00e0y. Thi\u1ebft k\u1ebf n\u1ed5i b\u1eadt \u1edf ph\u1ea7n eo \u0111\u01b0\u1ee3c x\u1ebfp ly v\u00e0 chi\u1ebft g\u1ecdn v\u1eeba ph\u1ea3i, gi\u00fap t\u1ed5ng th\u1ec3 \u00e1o c\u00f3 \u0111\u1ed9 \u00f4m nh\u1eb9, t\u1ea1o c\u1ea3m gi\u00e1c g\u1ecdn d\u00e1ng h\u01a1n so v\u1edbi s\u01a1 mi su\u00f4ng c\u01a1 b\u1ea3n. Khi m\u1eb7c l\u00ean, \u00e1o t\u00f4n v\u00f2ng eo t\u1ef1 nhi\u00ean m\u00e0 kh\u00f4ng qu\u00e1 b\u00f3, \u0111\u1ed3ng th\u1eddi ph\u1ea7n th\u00e2n d\u01b0\u1edbi x\u00f2e nh\u1eb9 gi\u00fap che b\u1ee5ng v\u00e0 t\u1ea1o c\u1ea3m gi\u00e1c m\u1ec1m m\u1ea1i, duy\u00ean d\u00e1ng.<\/p>\n<p data-start=\"1186\" data-end=\"1465\">Ph\u1ea7n c\u1ed5 \u00e1o l\u00e0 ki\u1ec3u c\u1ed5 b\u1ebb quen thu\u1ed9c, d\u1ec5 m\u1eb7c v\u00e0 kh\u00f4ng k\u00e9n d\u00e1ng m\u1eb7t. Khi m\u1edf n\u00fat ph\u00eda tr\u00ean, c\u1ed5 \u00e1o t\u1ea1o th\u00e0nh d\u00e1ng ch\u1eef V v\u1eeba ph\u1ea3i, gi\u00fap ph\u1ea7n c\u1ed5 tr\u00f4ng thanh tho\u00e1t h\u01a1n. Tay \u00e1o d\u00e0i c\u00f3 th\u1ec3 m\u1eb7c bu\u00f4ng t\u1ef1 nhi\u00ean \u0111\u1ec3 gi\u1eef v\u1ebb ch\u1ec9n chu, ho\u1eb7c x\u1eafn g\u1ecdn l\u00ean \u0111\u1ec3 t\u1ea1o c\u1ea3m gi\u00e1c tr\u1ebb trung v\u00e0 n\u0103ng \u0111\u1ed9ng h\u01a1n.<\/p>\n<p data-start=\"1467\" data-end=\"1835\">Ch\u1ea5t v\u1ea3i mang \u0111\u1eb7c tr\u01b0ng c\u1ee7a linen\/\u0111\u0169i, b\u1ec1 m\u1eb7t c\u00f3 \u0111\u1ed9 m\u1ed9c t\u1ef1 nhi\u00ean, tho\u00e1ng kh\u00ed v\u00e0 m\u1eb7c m\u00e1t. \u0110\u00e2y l\u00e0 ki\u1ec3u ch\u1ea5t li\u1ec7u ph\u00f9 h\u1ee3p v\u1edbi th\u1eddi ti\u1ebft n\u00f3ng ho\u1eb7c khi c\u1ea7n m\u1eb7c trong nhi\u1ec1u gi\u1edd li\u1ec1n. V\u1ea3i cho c\u1ea3m gi\u00e1c nh\u1eb9, d\u1ec5 ch\u1ecbu, th\u1ea5m h\u00fat t\u01b0\u01a1ng \u0111\u1ed1i t\u1ed1t v\u00e0 \u0111em l\u1ea1i v\u1ebb ngo\u00e0i nh\u00e3 nh\u1eb7n, tinh t\u1ebf. V\u1edbi t\u00f4ng tr\u1eafng c\u01a1 b\u1ea3n, chi\u1ebfc \u00e1o c\u0169ng r\u1ea5t d\u1ec5 ph\u1ed1i c\u00f9ng nhi\u1ec1u m\u00e0u s\u1eafc kh\u00e1c nhau m\u00e0 kh\u00f4ng b\u1ecb l\u1ed7i m\u1ed1t.<\/p>\n<h2 data-start=\"1837\" data-end=\"1866\"><strong data-start=\"1837\" data-end=\"1866\">\u0110i\u1ec3m n\u1ed5i b\u1eadt c\u1ee7a s\u1ea3n ph\u1ea9m<\/strong><\/h2>\n<ul data-start=\"1867\" data-end=\"2186\">\n<li data-section-id=\"rdu6kv\" data-start=\"1867\" data-end=\"1937\">\n<p data-start=\"1869\" data-end=\"1937\">Thi\u1ebft k\u1ebf chi\u1ebft eo, x\u1ebfp ly t\u1ea1o phom g\u1ecdn d\u00e1ng h\u01a1n s\u01a1 mi th\u00f4ng th\u01b0\u1eddng<\/p>\n<\/li>\n<li data-section-id=\"x2i0xc\" data-start=\"1938\" data-end=\"1995\">\n<p data-start=\"1940\" data-end=\"1995\">Ph\u1ea7n th\u00e2n \u00e1o x\u00f2e nh\u1eb9, h\u1ed7 tr\u1ee3 che khuy\u1ebft \u0111i\u1ec3m v\u00f2ng hai<\/p>\n<\/li>\n<li data-section-id=\"afoqk7\" data-start=\"1996\" data-end=\"2048\">\n<p data-start=\"1998\" data-end=\"2048\">C\u1ed5 b\u1ebb d\u1ec5 m\u1eb7c, t\u1ea1o c\u1ea3m gi\u00e1c thanh l\u1ecbch v\u00e0 n\u1eef t\u00ednh<\/p>\n<\/li>\n<li data-section-id=\"3gxq9w\" data-start=\"2049\" data-end=\"2122\">\n<p data-start=\"2051\" data-end=\"2122\">Ch\u1ea5t li\u1ec7u linen\/\u0111\u0169i tho\u00e1ng m\u00e1t, ph\u00f9 h\u1ee3p m\u1eb7c \u0111i l\u00e0m ho\u1eb7c m\u1eb7c h\u1eb1ng ng\u00e0y<\/p>\n<\/li>\n<li data-section-id=\"qo3892\" data-start=\"2123\" data-end=\"2186\">\n<p data-start=\"2125\" data-end=\"2186\">M\u00e0u tr\u1eafng c\u01a1 b\u1ea3n, d\u1ec5 ph\u1ed1i \u0111\u1ed3 v\u00e0 s\u1eed d\u1ee5ng trong nhi\u1ec1u ho\u00e0n c\u1ea3nh<\/p>\n<\/li>\n<\/ul>\n<h2 data-start=\"2188\" data-end=\"2622\"><strong data-start=\"2188\" data-end=\"2205\">G\u1ee3i \u00fd ca\u0301ch ph\u1ed1i \u0111\u1ed3<\/strong><\/h2>\n<p data-start=\"2188\" data-end=\"2622\">M\u1eabu \u00e1o n\u00e0y c\u00f3 th\u1ec3 k\u1ebft h\u1ee3p v\u1edbi qu\u1ea7n t\u00e2y \u1ed1ng su\u00f4ng, qu\u1ea7n \u1ed1ng \u0111\u1ee9ng ho\u1eb7c qu\u1ea7n m\u00e0u trung t\u00ednh nh\u01b0 \u0111en, x\u00e1m, be, xanh r\u00eau \u0111\u1ec3 t\u1ea1o set \u0111\u1ed3 c\u00f4ng s\u1edf g\u1ecdn g\u00e0ng, chuy\u00ean nghi\u1ec7p. N\u1ebfu th\u00edch phong c\u00e1ch nh\u1eb9 nh\u00e0ng h\u01a1n, b\u1ea1n c\u00f3 th\u1ec3 ph\u1ed1i c\u00f9ng ch\u00e2n v\u00e1y midi ho\u1eb7c ch\u00e2n v\u00e1y x\u1ebfp ly \u0111\u1ec3 t\u0103ng v\u1ebb n\u1eef t\u00ednh. Trong nh\u1eefng d\u1ecbp \u0111i ch\u01a1i, \u00e1o c\u0169ng c\u00f3 th\u1ec3 m\u1eb7c c\u00f9ng jeans ho\u1eb7c short c\u1ea1p cao \u0111\u1ec3 t\u1ea1o c\u1ea3m gi\u00e1c tr\u1ebb trung, hi\u1ec7n \u0111\u1ea1i m\u00e0 v\u1eabn gi\u1eef \u0111\u01b0\u1ee3c n\u00e9t thanh l\u1ecbch.<\/p>\n<p data-start=\"2624\" data-end=\"2645\"><strong data-start=\"2624\" data-end=\"2645\">Ho\u00e0n c\u1ea3nh ph\u00f9 h\u1ee3p<\/strong><\/p>\n<ul data-start=\"2646\" data-end=\"2788\">\n<li data-section-id=\"9khwoq\" data-start=\"2646\" data-end=\"2681\">\n<p data-start=\"2648\" data-end=\"2681\">M\u1eb7c \u0111i l\u00e0m, \u0111i h\u1ecdp, g\u1eb7p \u0111\u1ed1i t\u00e1c<\/p>\n<\/li>\n<li data-section-id=\"zzu0gs\" data-start=\"2682\" data-end=\"2720\">\n<p data-start=\"2684\" data-end=\"2720\">M\u1eb7c \u0111i c\u00e0 ph\u00ea, g\u1eb7p b\u1ea1n b\u00e8, d\u1ea1o ph\u1ed1<\/p>\n<\/li>\n<li data-section-id=\"1mx7y5n\" data-start=\"2721\" data-end=\"2788\">\n<p data-start=\"2723\" data-end=\"2788\">Ph\u00f9 h\u1ee3p v\u1edbi ng\u01b0\u1eddi th\u00edch phong c\u00e1ch n\u1eef t\u00ednh, g\u1ecdn g\u00e0ng, d\u1ec5 \u1ee9ng d\u1ee5ng<\/p>\n<\/li>\n<\/ul>\n<h2 data-start=\"2790\" data-end=\"3142\"><strong data-start=\"2790\" data-end=\"2812\">H\u01b0\u1edbng d\u1eabn b\u1ea3o qu\u1ea3n<\/strong><\/h2>\n<p data-start=\"2790\" data-end=\"3142\">\u0110\u1ec3 gi\u1eef \u00e1o b\u1ec1n \u0111\u1eb9p h\u01a1n, n\u00ean \u01b0u ti\u00ean gi\u1eb7t tay ho\u1eb7c gi\u1eb7t m\u00e1y ch\u1ebf \u0111\u1ed9 nh\u1eb9 v\u00e0 cho v\u00e0o t\u00fai gi\u1eb7t. V\u1edbi ch\u1ea5t v\u1ea3i s\u00e1ng m\u00e0u, n\u00ean gi\u1eb7t ri\u00eang ho\u1eb7c ph\u00e2n lo\u1ea1i tr\u01b0\u1edbc khi gi\u1eb7t \u0111\u1ec3 tr\u00e1nh b\u1ecb lem m\u00e0u. N\u00ean ph\u01a1i \u1edf n\u01a1i tho\u00e1ng m\u00e1t, tr\u00e1nh n\u1eafng g\u1eaft tr\u1ef1c ti\u1ebfp. Khi c\u1ea7n l\u00e0m ph\u1eb3ng v\u1ea3i, n\u00ean d\u00f9ng b\u00e0n \u1ee7i h\u01a1i n\u01b0\u1edbc ho\u1eb7c \u1ee7i \u1edf nhi\u1ec7t \u0111\u1ed9 v\u1eeba \u0111\u1ec3 gi\u1eef b\u1ec1 m\u1eb7t v\u1ea3i \u0111\u1eb9p h\u01a1n.<\/p>\n<p data-start=\"3144\" data-end=\"3287\"><strong data-start=\"3144\" data-end=\"3174\">Th\u00f4ng tin \u0111\u01a1n v\u1ecb ph\u00e2n ph\u1ed1i<\/strong><\/p>\n<p data-start=\"3144\" data-end=\"3287\">C\u00f4ng ty TNHH Xu\u1ea5t Nh\u1eadp Kh\u1ea9u May H v\u00e0 T<\/p>\n<p data-start=\"3144\" data-end=\"3287\">\u0110\u1ecba ch\u1ec9: 35\/4A \u1ea5p M\u1ef9 Hu\u1ec1, x\u00e3 B\u00e0 \u0110i\u1ec3m, TP.HCM<\/p>\n<p data-start=\"3144\" data-end=\"3287\">M\u00e3 s\u1ed1 thu\u1ebf: 0315614395<\/p>\n","protected":false},"excerpt":{"rendered":"<p>M\u1eabu <a href=\"https:\/\/kisuca.com\/san-pham\/ao-so-mi-linen-trang-co-be-xep-ly-eo\/\"><strong>a\u0301o s\u01a1 mi linen tr\u1eafng c\u1ed5 b\u1ebb x\u1ebfp ly eo<\/strong><\/a> ph\u00f9 h\u1ee3p v\u1edbi nh\u1eefng ai y\u00eau th\u00edch phong c\u00e1ch thanh l\u1ecbch, n\u1eef t\u00ednh nh\u01b0ng v\u1eabn mu\u1ed1n m\u1eb7c tho\u1ea3i m\u00e1i h\u1eb1ng ng\u00e0y. Thi\u1ebft k\u1ebf n\u1ed5i b\u1eadt \u1edf ph\u1ea7n eo \u0111\u01b0\u1ee3c x\u1ebfp ly v\u00e0 chi\u1ebft g\u1ecdn v\u1eeba ph\u1ea3i, gi\u00fap t\u1ed5ng th\u1ec3 \u00e1o c\u00f3 \u0111\u1ed9 \u00f4m nh\u1eb9, t\u1ea1o c\u1ea3m gi\u00e1c g\u1ecdn d\u00e1ng h\u01a1n so v\u1edbi s\u01a1 mi su\u00f4ng c\u01a1 b\u1ea3n. Khi m\u1eb7c l\u00ean, \u00e1o t\u00f4n v\u00f2ng eo t\u1ef1 nhi\u00ean m\u00e0 kh\u00f4ng qu\u00e1 b\u00f3, \u0111\u1ed3ng th\u1eddi ph\u1ea7n th\u00e2n d\u01b0\u1edbi x\u00f2e nh\u1eb9 gi\u00fap che b\u1ee5ng v\u00e0 t\u1ea1o c\u1ea3m gi\u00e1c m\u1ec1m m\u1ea1i, duy\u00ean d\u00e1ng.<\/p>\n","protected":false},"featured_media":1353,"comment_status":"open","ping_status":"closed","template":"","meta":[],"product_brand":[],"product_cat":[171,170,169],"product_tag":[188],"class_list":{"0":"post-1350","1":"product","2":"type-product","3":"status-publish","4":"has-post-thumbnail","6":"product_cat-ao-free-size","7":"product_cat-ao-so-mi-va-ao-kieu","8":"product_cat-ao-thiet-ke","9":"product_tag-ao-so-mi-linen-trang-co-be-xep-ly-eo","11":"first","12":"instock","13":"shipping-taxable","14":"purchasable","15":"product-type-variable"},"_links":{"self":[{"href":"https:\/\/kisuca.com\/en\/wp-json\/wp\/v2\/product\/1350","targetHints":{"allow":["GET"]}}],"collection":[{"href":"https:\/\/kisuca.com\/en\/wp-json\/wp\/v2\/product"}],"about":[{"href":"https:\/\/kisuca.com\/en\/wp-json\/wp\/v2\/types\/product"}],"replies":[{"embeddable":true,"href":"https:\/\/kisuca.com\/en\/wp-json\/wp\/v2\/comments?post=1350"}],"wp:featuredmedia":[{"embeddable":true,"href":"https:\/\/kisuca.com\/en\/wp-json\/wp\/v2\/media\/1353"}],"wp:attachment":[{"href":"https:\/\/kisuca.com\/en\/wp-json\/wp\/v2\/media?parent=1350"}],"wp:term":[{"taxonomy":"product_brand","embeddable":true,"href":"https:\/\/kisuca.com\/en\/wp-json\/wp\/v2\/product_brand?post=1350"},{"taxonomy":"product_cat","embeddable":true,"href":"https:\/\/kisuca.com\/en\/wp-json\/wp\/v2\/product_cat?post=1350"},{"taxonomy":"product_tag","embeddable":true,"href":"https:\/\/kisuca.com\/en\/wp-json\/wp\/v2\/product_tag?post=1350"}],"curies":[{"name":"wp","href":"https:\/\/api.w.org\/{rel}","templated":true}]}}