{"id":1338,"date":"2026-03-08T14:42:34","date_gmt":"2026-03-08T14:42:34","guid":{"rendered":"https:\/\/kisuca.com\/?post_type=product&#038;p=1338"},"modified":"2026-03-15T06:25:59","modified_gmt":"2026-03-15T06:25:59","slug":"quan-linen-nu-ong-suong-lung-thun-phoi-nut-mau","status":"publish","type":"product","link":"https:\/\/kisuca.com\/en\/san-pham\/quan-linen-nu-ong-suong-lung-thun-phoi-nut-mau\/","title":{"rendered":"Qu\u1ea7n linen n\u1eef \u1ed1ng su\u00f4ng l\u01b0ng thun ph\u1ed1i n\u00fat m\u00e0u tr\u1ebb trung"},"content":{"rendered":"<p data-start=\"892\" data-end=\"1299\">Qu\u1ea7n linen n\u1eef \u1ed1ng su\u00f4ng l\u01b0ng thun ph\u1ed1i n\u00fat m\u00e0u l\u00e0 l\u1ef1a ch\u1ecdn ph\u00f9 h\u1ee3p cho nh\u1eefng ai y\u00eau th\u00edch phong c\u00e1ch tho\u1ea3i m\u00e1i, nh\u1eb9 nh\u00e0ng nh\u01b0ng v\u1eabn mu\u1ed1n c\u00f3 \u0111i\u1ec3m nh\u1ea5n ri\u00eang trong trang ph\u1ee5c h\u1eb1ng ng\u00e0y. Thi\u1ebft k\u1ebf qu\u1ea7n theo d\u00e1ng \u1ed1ng su\u00f4ng n\u00ean khi m\u1eb7c t\u1ea1o c\u1ea3m gi\u00e1c ch\u00e2n thon v\u00e0 t\u1ed5ng th\u1ec3 g\u1ecdn g\u00e0ng h\u01a1n. Phom qu\u1ea7n kh\u00f4ng \u00f4m s\u00e1t c\u01a1 th\u1ec3, gi\u00fap ng\u01b0\u1eddi m\u1eb7c d\u1ec5 v\u1eadn \u0111\u1ed9ng, \u0111\u1ed3ng th\u1eddi che khuy\u1ebft \u0111i\u1ec3m ph\u1ea7n h\u00f4ng, \u0111\u00f9i v\u00e0 b\u1eafp ch\u00e2n kh\u00e1 t\u1ed1t.<\/p>\n<p data-start=\"1301\" data-end=\"1670\">Ch\u1ea5t li\u1ec7u v\u1ea3i linen pha mang l\u1ea1i c\u1ea3m gi\u00e1c tho\u00e1ng m\u00e1t, nh\u1eb9 v\u00e0 d\u1ec5 ch\u1ecbu khi m\u1eb7c, \u0111\u1eb7c bi\u1ec7t ph\u00f9 h\u1ee3p v\u1edbi th\u1eddi ti\u1ebft n\u00f3ng ho\u1eb7c nh\u1eefng ng\u00e0y c\u1ea7n m\u1eb7c trong th\u1eddi gian d\u00e0i. So v\u1edbi linen nguy\u00ean ch\u1ea5t, v\u1ea3i linen pha th\u01b0\u1eddng m\u1ec1m h\u01a1n, b\u1edbt nh\u0103n h\u01a1n v\u00e0 d\u1ec5 ch\u0103m s\u00f3c h\u01a1n trong qu\u00e1 tr\u00ecnh s\u1eed d\u1ee5ng. B\u1ec1 m\u1eb7t v\u1ea3i v\u1eabn gi\u1eef \u0111\u01b0\u1ee3c n\u00e9t m\u1ed9c t\u1ef1 nhi\u00ean \u0111\u1eb7c tr\u01b0ng, t\u1ea1o c\u1ea3m gi\u00e1c thanh l\u1ecbch nh\u01b0ng kh\u00f4ng qu\u00e1 c\u1ee9ng.<\/p>\n<p data-start=\"1672\" data-end=\"2006\">Ph\u1ea7n l\u01b0ng qu\u1ea7n s\u1eed d\u1ee5ng thun co gi\u00e3n, gi\u00fap m\u1eb7c v\u00e0o tho\u1ea3i m\u00e1i v\u00e0 linh ho\u1ea1t h\u01a1n nhi\u1ec1u so v\u1edbi ki\u1ec3u l\u01b0ng c\u1ed1 \u0111\u1ecbnh. Thi\u1ebft k\u1ebf n\u00e0y ph\u00f9 h\u1ee3p v\u1edbi nhi\u1ec1u d\u00e1ng ng\u01b0\u1eddi, \u0111\u1ed3ng th\u1eddi t\u1ea1o c\u1ea3m gi\u00e1c d\u1ec5 ch\u1ecbu khi ng\u1ed3i l\u00e2u, di chuy\u1ec3n nhi\u1ec1u ho\u1eb7c m\u1eb7c c\u1ea3 ng\u00e0y. \u0110\u00e2y c\u0169ng l\u00e0 ki\u1ec3u qu\u1ea7n thu\u1eadn ti\u1ec7n trong vi\u1ec7c ph\u1ed1i \u0111\u1ed3 v\u00ec kh\u00f4ng t\u1ea1o c\u1ea3m gi\u00e1c qu\u00e1 g\u00f2 b\u00f3 hay qu\u00e1 nghi\u00eam t\u00fac.<\/p>\n<p data-start=\"2008\" data-end=\"2360\">\u0110i\u1ec3m \u0111\u1eb7c bi\u1ec7t c\u1ee7a s\u1ea3n ph\u1ea9m n\u1eb1m \u1edf chi ti\u1ebft x\u1ebb s\u01b0\u1eddn \u1edf ph\u1ea7n \u1ed1ng qu\u1ea7n k\u1ebft h\u1ee3p h\u00e0ng n\u00fat trang tr\u00ed nhi\u1ec1u m\u00e0u. Chi ti\u1ebft n\u00e0y gi\u00fap chi\u1ebfc qu\u1ea7n b\u1edbt \u0111\u01a1n \u0111i\u1ec7u h\u01a1n so v\u1edbi qu\u1ea7n su\u00f4ng tr\u01a1n c\u01a1 b\u1ea3n, \u0111\u1ed3ng th\u1eddi t\u1ea1o n\u00e9t ri\u00eang khi nh\u00ecn t\u1eeb b\u00ean h\u00f4ng ho\u1eb7c khi di chuy\u1ec3n. M\u1ee9c x\u1ebb v\u1eeba ph\u1ea3i n\u00ean v\u1eabn gi\u1eef \u0111\u01b0\u1ee3c s\u1ef1 k\u00edn \u0111\u00e1o, d\u1ec5 m\u1eb7c trong nhi\u1ec1u ho\u00e0n c\u1ea3nh, t\u1eeb \u0111i l\u00e0m, \u0111i ch\u01a1i \u0111\u1ebfn du l\u1ecbch.<\/p>\n<p data-start=\"2362\" data-end=\"2382\"><strong data-start=\"2362\" data-end=\"2382\">\u0110\u1eb7c \u0111i\u1ec3m n\u1ed5i b\u1eadt<\/strong><\/p>\n<ul data-start=\"2383\" data-end=\"2728\">\n<li data-section-id=\"w8wlsh\" data-start=\"2383\" data-end=\"2448\">\n<p data-start=\"2385\" data-end=\"2448\">D\u00e1ng qu\u1ea7n \u1ed1ng su\u00f4ng d\u1ec5 m\u1eb7c, t\u1ea1o c\u1ea3m gi\u00e1c ch\u00e2n d\u00e0i v\u00e0 g\u1ecdn d\u00e1ng<\/p>\n<\/li>\n<li data-section-id=\"1iihr6i\" data-start=\"2449\" data-end=\"2515\">\n<p data-start=\"2451\" data-end=\"2515\">L\u01b0ng thun co gi\u00e3n, tho\u1ea3i m\u00e1i khi m\u1eb7c, ph\u00f9 h\u1ee3p nhi\u1ec1u d\u00e1ng ng\u01b0\u1eddi<\/p>\n<\/li>\n<li data-section-id=\"6xwkwd\" data-start=\"2516\" data-end=\"2592\">\n<p data-start=\"2518\" data-end=\"2592\">Ch\u1ea5t li\u1ec7u linen pha tho\u00e1ng m\u00e1t, m\u1ec1m h\u01a1n v\u00e0 \u00edt nh\u0103n h\u01a1n linen nguy\u00ean ch\u1ea5t<\/p>\n<\/li>\n<li data-section-id=\"1w5usuz\" data-start=\"2593\" data-end=\"2658\">\n<p data-start=\"2595\" data-end=\"2658\">Chi ti\u1ebft x\u1ebb s\u01b0\u1eddn c\u00e0i n\u00fat t\u1ea1o \u0111i\u1ec3m nh\u1ea5n kh\u00e1c bi\u1ec7t cho s\u1ea3n ph\u1ea9m<\/p>\n<\/li>\n<li data-section-id=\"1wjip0j\" data-start=\"2659\" data-end=\"2728\">\n<p data-start=\"2661\" data-end=\"2728\">D\u1ec5 ph\u1ed1i v\u1edbi nhi\u1ec1u ki\u1ec3u \u00e1o, ph\u00f9 h\u1ee3p m\u1eb7c \u0111i l\u00e0m, \u0111i ch\u01a1i ho\u1eb7c du l\u1ecbch<\/p>\n<\/li>\n<\/ul>\n<p data-start=\"2730\" data-end=\"2754\"><strong data-start=\"2730\" data-end=\"2754\">Th\u00f4ng tin k\u00edch th\u01b0\u1edbc<\/strong><\/p>\n<ul data-start=\"2755\" data-end=\"2840\">\n<li data-section-id=\"1febvcc\" data-start=\"2755\" data-end=\"2797\">\n<p data-start=\"2757\" data-end=\"2797\">Size M: ph\u00f9 h\u1ee3p v\u1edbi v\u00f2ng eo d\u01b0\u1edbi 70 cm<\/p>\n<\/li>\n<li data-section-id=\"t7d4q3\" data-start=\"2798\" data-end=\"2840\">\n<p data-start=\"2800\" data-end=\"2840\">Size L: ph\u00f9 h\u1ee3p v\u1edbi v\u00f2ng eo d\u01b0\u1edbi 76 cm<\/p>\n<\/li>\n<\/ul>\n<p data-start=\"2842\" data-end=\"3397\"><strong data-start=\"2842\" data-end=\"2859\">G\u1ee3i \u00fd ph\u1ed1i \u0111\u1ed3<\/strong><\/p>\n<p data-start=\"2842\" data-end=\"3397\">M\u1eabu qu\u1ea7n n\u00e0y c\u00f3 th\u1ec3 ph\u1ed1i c\u00f9ng \u00e1o s\u01a1 mi linen, \u00e1o ki\u1ec3u tr\u01a1n m\u00e0u ho\u1eb7c \u00e1o thun basic \u0111\u1ec3 t\u1ea1o set \u0111\u1ed3 \u0111\u01a1n gi\u1ea3n nh\u01b0ng v\u1eabn c\u00f3 \u0111i\u1ec3m nh\u1ea5n. N\u1ebfu mu\u1ed1n m\u1eb7c \u0111i l\u00e0m, b\u1ea1n c\u00f3 th\u1ec3 k\u1ebft h\u1ee3p v\u1edbi s\u01a1 mi tr\u1eafng, kem, be ho\u1eb7c pastel \u0111\u1ec3 t\u1ea1o c\u1ea3m gi\u00e1c thanh l\u1ecbch v\u00e0 nh\u00e3 nh\u1eb7n. N\u1ebfu mu\u1ed1n tr\u1ebb trung h\u01a1n, c\u00f3 th\u1ec3 mix c\u00f9ng croptop, \u00e1o hai d\u00e2y kho\u00e1c ngo\u00e0i s\u01a1 mi m\u1ecfng ho\u1eb7c \u00e1o thun \u00f4m nh\u1eb9 \u0111\u1ec3 t\u1ed5ng th\u1ec3 b\u1edbt nghi\u00eam t\u00fac v\u00e0 n\u0103ng \u0111\u1ed9ng h\u01a1n. V\u1edbi nh\u1eefng chuy\u1ebfn \u0111i ch\u01a1i ho\u1eb7c du l\u1ecbch, qu\u1ea7n c\u0169ng ph\u00f9 h\u1ee3p khi ph\u1ed1i c\u00f9ng sandal, d\u00e9p b\u1ea3n ngang ho\u1eb7c t\u00fai c\u00f3i \u0111\u1ec3 t\u0103ng c\u1ea3m gi\u00e1c nh\u1eb9 nh\u00e0ng, t\u1ef1 nhi\u00ean.<\/p>\n<p data-start=\"3399\" data-end=\"3428\"><strong data-start=\"3399\" data-end=\"3428\">Ho\u00e0n c\u1ea3nh s\u1eed d\u1ee5ng ph\u00f9 h\u1ee3p<\/strong><\/p>\n<ul data-start=\"3429\" data-end=\"3613\">\n<li data-section-id=\"1x4mo94\" data-start=\"3429\" data-end=\"3453\">\n<p data-start=\"3431\" data-end=\"3453\">M\u1eb7c \u0111i l\u00e0m h\u1eb1ng ng\u00e0y<\/p>\n<\/li>\n<li data-section-id=\"jfd62k\" data-start=\"3454\" data-end=\"3492\">\n<p data-start=\"3456\" data-end=\"3492\">M\u1eb7c \u0111i c\u00e0 ph\u00ea, d\u1ea1o ph\u1ed1, g\u1eb7p b\u1ea1n b\u00e8<\/p>\n<\/li>\n<li data-section-id=\"jexzy1\" data-start=\"3493\" data-end=\"3546\">\n<p data-start=\"3495\" data-end=\"3546\">Ph\u00f9 h\u1ee3p khi \u0111i du l\u1ecbch, \u0111\u1eb7c bi\u1ec7t \u1edf th\u1eddi ti\u1ebft n\u00f3ng<\/p>\n<\/li>\n<li data-section-id=\"11rb5nm\" data-start=\"3547\" data-end=\"3613\">\n<p data-start=\"3549\" data-end=\"3613\">D\u00e0nh cho ng\u01b0\u1eddi th\u00edch trang ph\u1ee5c tho\u1ea3i m\u00e1i nh\u01b0ng v\u1eabn c\u00f3 n\u00e9t ri\u00eang<\/p>\n<\/li>\n<\/ul>\n<p data-start=\"3615\" data-end=\"4029\"><strong data-start=\"3615\" data-end=\"3637\">H\u01b0\u1edbng d\u1eabn b\u1ea3o qu\u1ea3n<\/strong><\/p>\n<p data-start=\"3615\" data-end=\"4029\">\u0110\u1ec3 qu\u1ea7n b\u1ec1n \u0111\u1eb9p h\u01a1n trong qu\u00e1 tr\u00ecnh s\u1eed d\u1ee5ng, n\u00ean gi\u1eb7t tay ho\u1eb7c gi\u1eb7t m\u00e1y \u1edf ch\u1ebf \u0111\u1ed9 nh\u1eb9 v\u00e0 cho v\u00e0o t\u00fai gi\u1eb7t \u0111\u1ec3 h\u1ea1n ch\u1ebf va ch\u1ea1m m\u1ea1nh v\u00e0o ph\u1ea7n n\u00fat trang tr\u00ed. Kh\u00f4ng n\u00ean gi\u1eb7t chung v\u1edbi qu\u1ea7n \u00e1o \u0111\u1eadm m\u00e0u ho\u1eb7c d\u1ec5 ra m\u00e0u. Sau khi gi\u1eb7t, n\u00ean ph\u01a1i \u1edf n\u01a1i tho\u00e1ng m\u00e1t, tr\u00e1nh n\u1eafng g\u1eaft \u0111\u1ec3 gi\u1eef m\u00e0u v\u00e0 \u0111\u1ed9 b\u1ec1n c\u1ee7a v\u1ea3i. Khi c\u1ea7n l\u00e0m ph\u1eb3ng, n\u00ean d\u00f9ng b\u00e0n \u1ee7i h\u01a1i n\u01b0\u1edbc ho\u1eb7c \u1ee7i \u1edf nhi\u1ec7t \u0111\u1ed9 ph\u00f9 h\u1ee3p v\u1edbi ch\u1ea5t li\u1ec7u linen pha.<\/p>\n<p data-start=\"4031\" data-end=\"4174\"><strong data-start=\"4031\" data-end=\"4061\">Th\u00f4ng tin \u0111\u01a1n v\u1ecb ph\u00e2n ph\u1ed1i<\/strong><br data-start=\"4061\" data-end=\"4064\" \/>C\u00f4ng ty TNHH Xu\u1ea5t Nh\u1eadp Kh\u1ea9u May H v\u00e0 T<br data-start=\"4102\" data-end=\"4105\" \/>\u0110\u1ecba ch\u1ec9: 35\/4A \u1ea5p M\u1ef9 Hu\u1ec1, x\u00e3 B\u00e0 \u0110i\u1ec3m, TP.HCM<br data-start=\"4149\" data-end=\"4152\" \/>M\u00e3 s\u1ed1 thu\u1ebf: 0315614395<\/p>\n","protected":false},"excerpt":{"rendered":"<p>Qu\u1ea7n linen n\u1eef \u1ed1ng su\u00f4ng l\u01b0ng thun ph\u1ed1i n\u00fat m\u00e0u l\u00e0 l\u1ef1a ch\u1ecdn ph\u00f9 h\u1ee3p cho nh\u1eefng ai y\u00eau th\u00edch phong c\u00e1ch tho\u1ea3i m\u00e1i, nh\u1eb9 nh\u00e0ng<span class=\"excerpt-hellip\"> [\u2026]<\/span><\/p>\n","protected":false},"featured_media":1339,"comment_status":"open","ping_status":"closed","template":"","meta":[],"product_brand":[],"product_cat":[126,173],"product_tag":[189],"class_list":{"0":"post-1338","1":"product","2":"type-product","3":"status-publish","4":"has-post-thumbnail","6":"product_cat-woman-trouser","7":"product_cat-quan-cong-so","8":"product_tag-quan-linen-nu-ong-suong","10":"first","11":"instock","12":"shipping-taxable","13":"purchasable","14":"product-type-variable"},"_links":{"self":[{"href":"https:\/\/kisuca.com\/en\/wp-json\/wp\/v2\/product\/1338","targetHints":{"allow":["GET"]}}],"collection":[{"href":"https:\/\/kisuca.com\/en\/wp-json\/wp\/v2\/product"}],"about":[{"href":"https:\/\/kisuca.com\/en\/wp-json\/wp\/v2\/types\/product"}],"replies":[{"embeddable":true,"href":"https:\/\/kisuca.com\/en\/wp-json\/wp\/v2\/comments?post=1338"}],"wp:featuredmedia":[{"embeddable":true,"href":"https:\/\/kisuca.com\/en\/wp-json\/wp\/v2\/media\/1339"}],"wp:attachment":[{"href":"https:\/\/kisuca.com\/en\/wp-json\/wp\/v2\/media?parent=1338"}],"wp:term":[{"taxonomy":"product_brand","embeddable":true,"href":"https:\/\/kisuca.com\/en\/wp-json\/wp\/v2\/product_brand?post=1338"},{"taxonomy":"product_cat","embeddable":true,"href":"https:\/\/kisuca.com\/en\/wp-json\/wp\/v2\/product_cat?post=1338"},{"taxonomy":"product_tag","embeddable":true,"href":"https:\/\/kisuca.com\/en\/wp-json\/wp\/v2\/product_tag?post=1338"}],"curies":[{"name":"wp","href":"https:\/\/api.w.org\/{rel}","templated":true}]}}