{"id":1329,"date":"2026-03-08T14:35:47","date_gmt":"2026-03-08T14:35:47","guid":{"rendered":"https:\/\/kisuca.com\/?post_type=product&#038;p=1329"},"modified":"2026-03-15T03:31:06","modified_gmt":"2026-03-15T03:31:06","slug":"ao-so-mi-linen-co-be-buoc-vat","status":"publish","type":"product","link":"https:\/\/kisuca.com\/en\/san-pham\/ao-so-mi-linen-co-be-buoc-vat\/","title":{"rendered":"\u00c1o s\u01a1 mi linen c\u1ed5 b\u1ebb bu\u1ed9c v\u1ea1t"},"content":{"rendered":"<p data-start=\"253\" data-end=\"621\">\u00c1o s\u01a1 mi linen c\u1ed5 b\u1ebb bu\u1ed9c v\u1ea1t tr\u01b0\u1edbc l\u00e0 m\u1eabu \u00e1o ph\u00f9 h\u1ee3p v\u1edbi nh\u1eefng ai th\u00edch phong c\u00e1ch nh\u1eb9 nh\u00e0ng, n\u1eef t\u00ednh nh\u01b0ng v\u1eabn c\u00f3 n\u00e9t tr\u1ebb trung. Thi\u1ebft k\u1ebf d\u00e1ng su\u00f4ng tho\u1ea3i m\u00e1i k\u1ebft h\u1ee3p chi ti\u1ebft bu\u1ed9c v\u1ea1t ph\u00eda tr\u01b0\u1edbc gi\u00fap t\u1ed5ng th\u1ec3 tr\u00f4ng m\u1ec1m m\u1ea1i v\u00e0 c\u00f3 \u0111i\u1ec3m nh\u1ea5n h\u01a1n. M\u1eabu \u00e1o n\u00e0y d\u1ec5 m\u1eb7c trong nhi\u1ec1u d\u1ecbp, t\u1eeb \u0111i l\u00e0m, \u0111i ch\u01a1i \u0111\u1ebfn mang theo trong nh\u1eefng chuy\u1ebfn du l\u1ecbch.<\/p>\n<h2 data-start=\"623\" data-end=\"643\"><strong data-start=\"623\" data-end=\"643\">\u0110\u1eb7c \u0111i\u1ec3m n\u1ed5i b\u1eadt a\u0301o s\u01a1 mi linen c\u1ed5 b\u1ebb bu\u1ed9c v\u1ea1t<\/strong><\/h2>\n<h3 data-start=\"645\" data-end=\"851\"><strong data-start=\"645\" data-end=\"670\">Thi\u1ebft k\u1ebf c\u00f3 \u0111i\u1ec3m nh\u1ea5n<\/strong><\/h3>\n<p data-start=\"645\" data-end=\"851\">\u00c1o gi\u1eef phom s\u01a1 mi c\u1ed5 b\u1ebb quen thu\u1ed9c nh\u01b0ng \u0111\u01b0\u1ee3c th\u00eam chi ti\u1ebft bu\u1ed9c v\u1ea1t ph\u00eda tr\u01b0\u1edbc \u0111\u1ec3 t\u1ea1o c\u1ea3m gi\u00e1c tr\u1ebb trung v\u00e0 b\u1edbt \u0111\u01a1n \u0111i\u1ec7u. Ki\u1ec3u d\u00e1ng n\u00e0y c\u0169ng gi\u00fap t\u1ed5ng th\u1ec3 tr\u00f4ng g\u1ecdn h\u01a1n khi m\u1eb7c.<\/p>\n<h3 data-start=\"853\" data-end=\"1104\"><strong data-start=\"853\" data-end=\"883\">Ch\u1ea5t li\u1ec7u linen tho\u00e1ng m\u00e1t<\/strong><\/h3>\n<p data-start=\"853\" data-end=\"1104\">S\u1ea3n ph\u1ea9m s\u1eed d\u1ee5ng v\u1ea3i linen v\u1edbi b\u1ec1 m\u1eb7t m\u1ed9c t\u1ef1 nhi\u00ean, nh\u1eb9 v\u00e0 tho\u00e1ng. Ch\u1ea5t v\u1ea3i n\u00e0y ph\u00f9 h\u1ee3p v\u1edbi th\u1eddi ti\u1ebft n\u00f3ng, t\u1ea1o c\u1ea3m gi\u00e1c d\u1ec5 ch\u1ecbu khi m\u1eb7c trong th\u1eddi gian d\u00e0i. Sau nhi\u1ec1u l\u1ea7n gi\u1eb7t, v\u1ea3i th\u01b0\u1eddng m\u1ec1m h\u01a1n v\u00e0 m\u1eb7c tho\u1ea3i m\u00e1i h\u01a1n.<\/p>\n<h3 data-start=\"1106\" data-end=\"1292\"><strong data-start=\"1106\" data-end=\"1134\">M\u00e0u s\u1eafc n\u1ed5i b\u1eadt, d\u1ec5 ch\u1ecdn<\/strong><\/h3>\n<p data-start=\"1106\" data-end=\"1292\">\u00c1o c\u00f3 3 m\u00e0u g\u1ed3m \u0110\u1ecf r\u1ef1c, Cam ch\u00e1y v\u00e0 Xanh c\u1ed5 v\u1ecbt. \u0110\u00e2y \u0111\u1ec1u l\u00e0 nh\u1eefng gam m\u00e0u n\u1ed5i b\u1eadt, gi\u00fap l\u00e0n da tr\u00f4ng t\u01b0\u01a1i h\u01a1n v\u00e0 d\u1ec5 t\u1ea1o \u0111i\u1ec3m nh\u1ea5n cho trang ph\u1ee5c h\u1eb1ng ng\u00e0y.<\/p>\n<h3 data-start=\"1294\" data-end=\"1459\"><strong data-start=\"1294\" data-end=\"1318\">Th\u00f4ng tin k\u00edch th\u01b0\u1edbc<\/strong><\/h3>\n<ul>\n<li data-start=\"1294\" data-end=\"1459\">K\u00edch c\u1ee1: Free size.<\/li>\n<li data-start=\"1294\" data-end=\"1459\">Ph\u00f9 h\u1ee3p v\u1edbi ng\u01b0\u1eddi m\u1eb7c d\u01b0\u1edbi 62 kg.<\/li>\n<li data-start=\"1294\" data-end=\"1459\">D\u00e1ng \u00e1o r\u1ed9ng v\u1eeba ph\u1ea3i, t\u1ea1o c\u1ea3m gi\u00e1c tho\u1ea3i m\u00e1i v\u00e0 h\u1ed7 tr\u1ee3 che khuy\u1ebft \u0111i\u1ec3m kh\u00e1 t\u1ed1t.<\/li>\n<\/ul>\n<h2 data-start=\"1461\" data-end=\"1478\"><strong data-start=\"1461\" data-end=\"1478\">G\u1ee3i \u00fd ph\u1ed1i \u0111\u1ed3 cu\u0300ng \u00c1o s\u01a1 mi linen c\u1ed5 b\u1ebb bu\u1ed9c v\u1ea1t<\/strong><\/h2>\n<h3 data-start=\"1480\" data-end=\"1683\"><strong data-start=\"1480\" data-end=\"1508\">Ph\u1ed1i c\u00f9ng qu\u1ea7n \u1ed1ng su\u00f4ng<\/strong><\/h3>\n<p data-start=\"1480\" data-end=\"1683\">Khi k\u1ebft h\u1ee3p v\u1edbi qu\u1ea7n \u1ed1ng su\u00f4ng m\u00e0u tr\u1eafng, kem ho\u1eb7c be, chi\u1ebfc \u00e1o s\u1ebd mang l\u1ea1i t\u1ed5ng th\u1ec3 thanh l\u1ecbch v\u00e0 d\u1ec5 m\u1eb7c. C\u00e1ch ph\u1ed1i n\u00e0y ph\u00f9 h\u1ee3p c\u1ea3 khi \u0111i l\u00e0m l\u1eabn \u0111i c\u00e0 ph\u00ea, g\u1eb7p g\u1ee1 b\u1ea1n b\u00e8.<\/p>\n<h3 data-start=\"1685\" data-end=\"1892\"><strong data-start=\"1685\" data-end=\"1715\">Ph\u1ed1i v\u1edbi ch\u00e2n v\u00e1y d\u00e1ng d\u00e0i<\/strong><\/h3>\n<p data-start=\"1685\" data-end=\"1892\">\u00c1o c\u0169ng c\u00f3 th\u1ec3 m\u1eb7c c\u00f9ng ch\u00e2n v\u00e1y d\u00e0i, ch\u00e2n v\u00e1y ch\u1eef A ho\u1eb7c v\u00e1y x\u00f2e \u0111\u1ec3 t\u1ea1o c\u1ea3m gi\u00e1c m\u1ec1m m\u1ea1i v\u00e0 n\u1eef t\u00ednh h\u01a1n. \u0110\u00e2y l\u00e0 ki\u1ec3u ph\u1ed1i kh\u00e1 ph\u00f9 h\u1ee3p cho nh\u1eefng bu\u1ed5i d\u1ea1o ph\u1ed1 ho\u1eb7c \u0111i du l\u1ecbch.<\/p>\n<h3 data-start=\"1894\" data-end=\"2070\"><strong data-start=\"1894\" data-end=\"1918\">Ph\u1ed1i c\u00f9ng qu\u1ea7n short<\/strong><\/h3>\n<p data-start=\"1894\" data-end=\"2070\">N\u1ebfu mu\u1ed1n phong c\u00e1ch tr\u1ebb h\u01a1n, b\u1ea1n c\u00f3 th\u1ec3 k\u1ebft h\u1ee3p \u00e1o v\u1edbi qu\u1ea7n short linen ho\u1eb7c short jeans. C\u00e1ch m\u1eb7c n\u00e0y \u0111\u01a1n gi\u1ea3n, tho\u1ea3i m\u00e1i v\u00e0 h\u1ee3p v\u1edbi th\u1eddi ti\u1ebft n\u00f3ng.<\/p>\n<h2 data-start=\"2072\" data-end=\"2096\"><strong data-start=\"2072\" data-end=\"2094\">H\u01b0\u1edbng d\u1eabn b\u1ea3o qu\u1ea3n<\/strong><\/h2>\n<ul data-start=\"2097\" data-end=\"2296\">\n<li data-section-id=\"1vahu0f\" data-start=\"2097\" data-end=\"2178\">\n<p data-start=\"2099\" data-end=\"2178\">N\u00ean gi\u1eb7t tay ho\u1eb7c gi\u1eb7t m\u00e1y \u1edf ch\u1ebf \u0111\u1ed9 nh\u1eb9 v\u1edbi n\u01b0\u1edbc l\u1ea1nh \u0111\u1ec3 gi\u1eef s\u1ee3i v\u1ea3i b\u1ec1n h\u01a1n.<\/p>\n<\/li>\n<li data-section-id=\"1ye2udx\" data-start=\"2179\" data-end=\"2219\">\n<p data-start=\"2181\" data-end=\"2219\">Tr\u00e1nh v\u1eaft qu\u00e1 m\u1ea1nh v\u00ec linen d\u1ec5 nh\u0103n.<\/p>\n<\/li>\n<li data-section-id=\"10l4p7z\" data-start=\"2220\" data-end=\"2296\">\n<p data-start=\"2222\" data-end=\"2296\">N\u00ean ph\u01a1i \u1edf n\u01a1i tho\u00e1ng gi\u00f3, tr\u00e1nh n\u1eafng g\u1eaft tr\u1ef1c ti\u1ebfp \u0111\u1ec3 \u00e1o gi\u1eef m\u00e0u t\u1ed1t h\u01a1n.<\/p>\n<\/li>\n<\/ul>\n<p data-start=\"2298\" data-end=\"2445\"><strong data-start=\"2298\" data-end=\"2328\">Th\u00f4ng tin \u0111\u01a1n v\u1ecb ph\u00e2n ph\u1ed1i<\/strong><br data-start=\"2328\" data-end=\"2331\" \/><strong data-start=\"2331\" data-end=\"2373\">C\u00f4ng ty TNHH Xu\u1ea5t Nh\u1eadp Kh\u1ea9u May H v\u00e0 T<\/strong><br data-start=\"2373\" data-end=\"2376\" \/>\u0110\u1ecba ch\u1ec9: 35\/4A \u1ea5p M\u1ef9 Hu\u1ec1, x\u00e3 B\u00e0 \u0110i\u1ec3m, TP.HCM<br data-start=\"2420\" data-end=\"2423\" \/>M\u00e3 s\u1ed1 thu\u1ebf: 0315614395<\/p>\n","protected":false},"excerpt":{"rendered":"<p>\u00c1o s\u01a1 mi linen c\u1ed5 b\u1ebb bu\u1ed9c v\u1ea1t tr\u01b0\u1edbc l\u00e0 m\u1eabu \u00e1o ph\u00f9 h\u1ee3p v\u1edbi nh\u1eefng ai th\u00edch phong c\u00e1ch nh\u1eb9 nh\u00e0ng, n\u1eef t\u00ednh nh\u01b0ng v\u1eabn<span class=\"excerpt-hellip\"> [\u2026]<\/span><\/p>\n","protected":false},"featured_media":1333,"comment_status":"open","ping_status":"closed","template":"","meta":[],"product_brand":[],"product_cat":[170,171],"product_tag":[184],"class_list":{"0":"post-1329","1":"product","2":"type-product","3":"status-publish","4":"has-post-thumbnail","6":"product_cat-ao-so-mi-va-ao-kieu","7":"product_cat-ao-free-size","8":"product_tag-ao-so-mi-linen-co-be-buoc-vat","10":"first","11":"instock","12":"shipping-taxable","13":"purchasable","14":"product-type-variable"},"_links":{"self":[{"href":"https:\/\/kisuca.com\/en\/wp-json\/wp\/v2\/product\/1329","targetHints":{"allow":["GET"]}}],"collection":[{"href":"https:\/\/kisuca.com\/en\/wp-json\/wp\/v2\/product"}],"about":[{"href":"https:\/\/kisuca.com\/en\/wp-json\/wp\/v2\/types\/product"}],"replies":[{"embeddable":true,"href":"https:\/\/kisuca.com\/en\/wp-json\/wp\/v2\/comments?post=1329"}],"wp:featuredmedia":[{"embeddable":true,"href":"https:\/\/kisuca.com\/en\/wp-json\/wp\/v2\/media\/1333"}],"wp:attachment":[{"href":"https:\/\/kisuca.com\/en\/wp-json\/wp\/v2\/media?parent=1329"}],"wp:term":[{"taxonomy":"product_brand","embeddable":true,"href":"https:\/\/kisuca.com\/en\/wp-json\/wp\/v2\/product_brand?post=1329"},{"taxonomy":"product_cat","embeddable":true,"href":"https:\/\/kisuca.com\/en\/wp-json\/wp\/v2\/product_cat?post=1329"},{"taxonomy":"product_tag","embeddable":true,"href":"https:\/\/kisuca.com\/en\/wp-json\/wp\/v2\/product_tag?post=1329"}],"curies":[{"name":"wp","href":"https:\/\/api.w.org\/{rel}","templated":true}]}}