{"id":1315,"date":"2026-03-08T14:05:47","date_gmt":"2026-03-08T14:05:47","guid":{"rendered":"https:\/\/kisuca.com\/?post_type=product&#038;p=1315"},"modified":"2026-03-15T06:46:15","modified_gmt":"2026-03-15T06:46:15","slug":"chan-vay-linen-dang-dai-thanh-lich-cap-that-no","status":"publish","type":"product","link":"https:\/\/kisuca.com\/en\/san-pham\/chan-vay-linen-dang-dai-thanh-lich-cap-that-no\/","title":{"rendered":"Ch\u00e2n v\u00e1y linen d\u00e1ng d\u00e0i thanh l\u1ecbch c\u1ea1p th\u1eaft n\u01a1"},"content":{"rendered":"<p data-start=\"295\" data-end=\"698\">Ch\u00e2n v\u00e1y linen d\u00e1ng d\u00e0i c\u1ea1p th\u1eaft n\u01a1 l\u00e0 l\u1ef1a ch\u1ecdn ph\u00f9 h\u1ee3p cho nh\u1eefng ai y\u00eau th\u00edch phong c\u00e1ch n\u1eef t\u00ednh, nh\u1eb9 nh\u00e0ng v\u00e0 thanh l\u1ecbch. Thi\u1ebft k\u1ebf d\u00e1ng d\u00e0i k\u1ebft h\u1ee3p phom ch\u1eef A x\u00f2e nh\u1eb9 gi\u00fap t\u1ed5ng th\u1ec3 trang ph\u1ee5c tr\u00f4ng m\u1ec1m m\u1ea1i, d\u1ec5 m\u1eb7c v\u00e0 t\u1ea1o c\u1ea3m gi\u00e1c g\u1ecdn d\u00e1ng h\u01a1n. Ph\u1ea7n c\u1ea1p cao \u0111i c\u00f9ng chi ti\u1ebft th\u1eaft n\u01a1 \u1edf eo l\u00e0 \u0111i\u1ec3m nh\u1ea5n n\u1ed5i b\u1eadt, v\u1eeba gi\u00fap chi\u1ebfc v\u00e1y tr\u00f4ng duy\u00ean d\u00e1ng h\u01a1n, v\u1eeba t\u1ea1o hi\u1ec7u \u1ee9ng v\u00f2ng eo r\u00f5 v\u00e0 c\u00e2n \u0111\u1ed1i h\u01a1n khi m\u1eb7c.<\/p>\n<p data-start=\"700\" data-end=\"972\">M\u1eabu ch\u00e2n v\u00e1y n\u00e0y c\u00f3 th\u1ec3 s\u1eed d\u1ee5ng trong nhi\u1ec1u ho\u00e0n c\u1ea3nh kh\u00e1c nhau nh\u01b0 \u0111i l\u00e0m, \u0111i ch\u01a1i, d\u1ea1o ph\u1ed1, g\u1eb7p g\u1ee1 b\u1ea1n b\u00e8 ho\u1eb7c m\u1eb7c trong nh\u1eefng d\u1ecbp c\u1ea7n v\u1ebb ngo\u00e0i ch\u1ec9n chu nh\u01b0ng v\u1eabn tho\u1ea3i m\u00e1i. Nh\u1edd thi\u1ebft k\u1ebf \u0111\u01a1n gi\u1ea3n nh\u01b0ng c\u00f3 \u0111i\u1ec3m nh\u1ea5n, s\u1ea3n ph\u1ea9m c\u0169ng r\u1ea5t d\u1ec5 ph\u1ed1i v\u1edbi nhi\u1ec1u ki\u1ec3u \u00e1o kh\u00e1c nhau.<\/p>\n<h2 data-section-id=\"1lwvf7h\" data-start=\"974\" data-end=\"994\">\u0110\u1eb7c \u0111i\u1ec3m n\u1ed5i b\u1eadt<\/h2>\n<p data-start=\"996\" data-end=\"1353\"><strong data-start=\"996\" data-end=\"1032\">D\u00e1ng v\u00e1y d\u00e0i, d\u1ec5 m\u1eb7c v\u00e0 t\u00f4n d\u00e1ng<\/strong><\/p>\n<p data-start=\"996\" data-end=\"1353\">Ch\u00e2n v\u00e1y \u0111\u01b0\u1ee3c thi\u1ebft k\u1ebf theo d\u00e1ng d\u00e0i qua g\u1ed1i ho\u1eb7c d\u00e1ng midi, mang l\u1ea1i c\u1ea3m gi\u00e1c n\u1eef t\u00ednh v\u00e0 k\u00edn \u0111\u00e1o. Phom v\u00e1y ch\u1eef A x\u00f2e nh\u1eb9 gi\u00fap t\u1ea1o \u0111\u1ed9 r\u1ee7 t\u1ef1 nhi\u00ean, kh\u00f4ng \u00f4m s\u00e1t c\u01a1 th\u1ec3 n\u00ean ph\u00f9 h\u1ee3p v\u1edbi nhi\u1ec1u d\u00e1ng ng\u01b0\u1eddi. Ki\u1ec3u v\u00e1y n\u00e0y c\u0169ng h\u1ed7 tr\u1ee3 che khuy\u1ebft \u0111i\u1ec3m \u1edf ph\u1ea7n h\u00f4ng, \u0111\u00f9i v\u00e0 ch\u00e2n kh\u00e1 t\u1ed1t, \u0111\u1ed3ng th\u1eddi t\u1ea1o c\u1ea3m gi\u00e1c c\u01a1 th\u1ec3 c\u00e2n \u0111\u1ed1i h\u01a1n.<\/p>\n<p data-start=\"1355\" data-end=\"1715\"><strong data-start=\"1355\" data-end=\"1396\">C\u1ea1p cao k\u1ebft h\u1ee3p th\u1eaft n\u01a1 t\u1ea1o \u0111i\u1ec3m nh\u1ea5n<\/strong><\/p>\n<p data-start=\"1355\" data-end=\"1715\">Ph\u1ea7n eo c\u1ee7a v\u00e1y \u0111\u01b0\u1ee3c thi\u1ebft k\u1ebf cao v\u1eeba ph\u1ea3i, gi\u00fap t\u00f4n v\u00f2ng eo v\u00e0 t\u1ea1o t\u1ef7 l\u1ec7 c\u01a1 th\u1ec3 h\u00e0i h\u00f2a h\u01a1n khi ph\u1ed1i c\u00f9ng \u00e1o s\u01a1 vin ho\u1eb7c \u00e1o d\u00e1ng ng\u1eafn. Chi ti\u1ebft d\u00e2y th\u1eaft n\u01a1 \u0111\u1eb7t \u1edf eo gi\u00fap t\u1ed5ng th\u1ec3 m\u1ec1m m\u1ea1i h\u01a1n, t\u1ea1o n\u00e9t n\u1eef t\u00ednh nh\u01b0ng kh\u00f4ng qu\u00e1 c\u1ea7u k\u1ef3. \u0110\u00e2y l\u00e0 \u0111i\u1ec3m nh\u1ea5n v\u1eeba \u0111\u1ee7 \u0111\u1ec3 chi\u1ebfc v\u00e1y tr\u1edf n\u00ean n\u1ed5i b\u1eadt m\u00e0 v\u1eabn gi\u1eef \u0111\u01b0\u1ee3c s\u1ef1 thanh l\u1ecbch.<\/p>\n<p data-start=\"1717\" data-end=\"2154\"><strong data-start=\"1717\" data-end=\"1760\">Ch\u1ea5t li\u1ec7u linen 50% tho\u00e1ng m\u00e1t, d\u1ec5 ch\u1ecbu<\/strong><\/p>\n<p data-start=\"1717\" data-end=\"2154\">V\u00e1y s\u1eed d\u1ee5ng ch\u1ea5t li\u1ec7u linen pha, gi\u1eef \u0111\u01b0\u1ee3c \u0111\u1eb7c tr\u01b0ng m\u1ed9c m\u1ea1c, tho\u00e1ng kh\u00ed v\u00e0 nh\u1eb9 c\u1ee7a v\u1ea3i linen, \u0111\u1ed3ng th\u1eddi cho c\u1ea3m gi\u00e1c m\u1ec1m h\u01a1n v\u00e0 d\u1ec5 m\u1eb7c h\u01a1n trong sinh ho\u1ea1t h\u1eb1ng ng\u00e0y. So v\u1edbi linen nguy\u00ean ch\u1ea5t, linen pha th\u01b0\u1eddng h\u1ea1n ch\u1ebf nh\u0103n t\u1ed1t h\u01a1n, nh\u1edd \u0111\u00f3 trang ph\u1ee5c nh\u00ecn g\u1ecdn g\u00e0ng h\u01a1n sau th\u1eddi gian d\u00e0i s\u1eed d\u1ee5ng. Ch\u1ea5t v\u1ea3i ph\u00f9 h\u1ee3p v\u1edbi th\u1eddi ti\u1ebft n\u00f3ng, \u0111\u1eb7c bi\u1ec7t th\u00edch h\u1ee3p \u0111\u1ec3 m\u1eb7c c\u1ea3 ng\u00e0y m\u00e0 v\u1eabn c\u1ea3m th\u1ea5y tho\u1ea3i m\u00e1i.<\/p>\n<p data-start=\"2156\" data-end=\"2395\"><strong data-start=\"2156\" data-end=\"2175\">M\u00e0u s\u1eafc d\u1ec5 ph\u1ed1i<\/strong><\/p>\n<p data-start=\"2156\" data-end=\"2395\">T\u00f4ng m\u00e0u v\u00e0ng b\u00f2 ho\u1eb7c n\u00e2u t\u00e2y mang l\u1ea1i c\u1ea3m gi\u00e1c \u1ea5m, nh\u00e3 nh\u1eb7n v\u00e0 kh\u00e1 t\u00f4n da. \u0110\u00e2y c\u0169ng l\u00e0 gam m\u00e0u d\u1ec5 k\u1ebft h\u1ee3p v\u1edbi c\u00e1c t\u00f4ng tr\u1eafng, kem, be, \u0111en, n\u00e2u ho\u1eb7c pastel, n\u00ean thu\u1eadn ti\u1ec7n khi ph\u1ed1i \u0111\u1ed3 theo nhi\u1ec1u phong c\u00e1ch kh\u00e1c nhau.<\/p>\n<h3 data-section-id=\"e61u1g\" data-start=\"2397\" data-end=\"2414\">G\u1ee3i \u00fd ph\u1ed1i \u0111\u1ed3<\/h3>\n<p data-start=\"2416\" data-end=\"2710\"><strong data-start=\"2416\" data-end=\"2448\">Phong c\u00e1ch thanh l\u1ecbch \u0111i l\u00e0m<\/strong><\/p>\n<p data-start=\"2416\" data-end=\"2710\">B\u1ea1n c\u00f3 th\u1ec3 ph\u1ed1i ch\u00e2n v\u00e1y v\u1edbi \u00e1o s\u01a1 mi tr\u1eafng, \u00e1o ki\u1ec3u tay ng\u1eafn ho\u1eb7c \u00e1o blouse m\u00e0u trung t\u00ednh \u0111\u1ec3 t\u1ea1o t\u1ed5ng th\u1ec3 g\u1ecdn g\u00e0ng, nh\u00e3 nh\u1eb7n. Khi s\u01a1 vin c\u00f9ng ch\u00e2n v\u00e1y c\u1ea1p cao, ph\u1ea7n eo s\u1ebd \u0111\u01b0\u1ee3c nh\u1ea5n r\u00f5 h\u01a1n, gi\u00fap b\u1ed9 trang ph\u1ee5c tr\u00f4ng ch\u1ec9n chu v\u00e0 ph\u00f9 h\u1ee3p v\u1edbi m\u00f4i tr\u01b0\u1eddng c\u00f4ng s\u1edf.<\/p>\n<p data-start=\"2712\" data-end=\"2960\"><strong data-start=\"2712\" data-end=\"2742\">Phong c\u00e1ch n\u1eef t\u00ednh \u0111i ch\u01a1i<\/strong><\/p>\n<p data-start=\"2712\" data-end=\"2960\">Khi k\u1ebft h\u1ee3p c\u00f9ng \u00e1o hai d\u00e2y, \u00e1o tr\u1ec5 vai, \u00e1o thun \u00f4m ho\u1eb7c \u00e1o croptop nh\u1eb9 nh\u00e0ng, chi\u1ebfc v\u00e1y s\u1ebd mang l\u1ea1i v\u1ebb ngo\u00e0i tr\u1ebb trung v\u00e0 m\u1ec1m m\u1ea1i h\u01a1n. C\u00e1ch ph\u1ed1i n\u00e0y ph\u00f9 h\u1ee3p cho nh\u1eefng bu\u1ed5i d\u1ea1o ph\u1ed1, c\u00e0 ph\u00ea cu\u1ed1i tu\u1ea7n ho\u1eb7c \u0111i du l\u1ecbch.<\/p>\n<p data-start=\"2962\" data-end=\"3155\"><strong data-start=\"2962\" data-end=\"2998\">Phong c\u00e1ch t\u1ed1i gi\u1ea3n, d\u1ec5 \u1ee9ng d\u1ee5ng<\/strong><br data-start=\"2998\" data-end=\"3001\" \/>Ngo\u00e0i c\u00e1c ki\u1ec3u \u00e1o \u0111i\u1ec7u \u0111\u00e0, ch\u00e2n v\u00e1y c\u0169ng c\u00f3 th\u1ec3 m\u1eb7c c\u00f9ng \u00e1o thun tr\u01a1n c\u01a1 b\u1ea3n ho\u1eb7c s\u01a1 mi d\u00e1ng r\u1ed9ng \u0111\u1ec3 t\u1ea1o c\u1ea3m gi\u00e1c tho\u1ea3i m\u00e1i, hi\u1ec7n \u0111\u1ea1i v\u00e0 d\u1ec5 m\u1eb7c h\u1eb1ng ng\u00e0y.<\/p>\n<p data-section-id=\"1ac1y85\" data-start=\"3157\" data-end=\"3186\">Ho\u00e0n c\u1ea3nh s\u1eed d\u1ee5ng ph\u00f9 h\u1ee3p<\/p>\n<ul data-start=\"3187\" data-end=\"3420\">\n<li data-section-id=\"2kzwqa\" data-start=\"3187\" data-end=\"3229\">\n<p data-start=\"3189\" data-end=\"3229\">M\u1eb7c \u0111i l\u00e0m, \u0111i h\u1ecdp ho\u1eb7c g\u1eb7p kh\u00e1ch h\u00e0ng<\/p>\n<\/li>\n<li data-section-id=\"13ifl5q\" data-start=\"3230\" data-end=\"3272\">\n<p data-start=\"3232\" data-end=\"3272\">M\u1eb7c \u0111i ch\u01a1i, d\u1ea1o ph\u1ed1, c\u00e0 ph\u00ea cu\u1ed1i tu\u1ea7n<\/p>\n<\/li>\n<li data-section-id=\"vba6oc\" data-start=\"3273\" data-end=\"3346\">\n<p data-start=\"3275\" data-end=\"3346\">Ph\u00f9 h\u1ee3p v\u1edbi ng\u01b0\u1eddi th\u00edch phong c\u00e1ch n\u1eef t\u00ednh, thanh l\u1ecbch v\u00e0 d\u1ec5 \u1ee9ng d\u1ee5ng<\/p>\n<\/li>\n<li data-section-id=\"1o654gw\" data-start=\"3347\" data-end=\"3420\">\n<p data-start=\"3349\" data-end=\"3420\">Th\u00edch h\u1ee3p s\u1eed d\u1ee5ng trong th\u1eddi ti\u1ebft n\u00f3ng ho\u1eb7c m\u00f4i tr\u01b0\u1eddng c\u1ea7n s\u1ef1 tho\u1ea3i m\u00e1i<\/p>\n<\/li>\n<\/ul>\n<h2 data-section-id=\"aw5re\" data-start=\"3422\" data-end=\"3444\">H\u01b0\u1edbng d\u1eabn b\u1ea3o qu\u1ea3n<\/h2>\n<p data-start=\"3445\" data-end=\"3894\">\u0110\u1ec3 gi\u1eef ch\u00e2n v\u00e1y b\u1ec1n \u0111\u1eb9p v\u00e0 gi\u1eef phom t\u1ed1t h\u01a1n, n\u00ean \u01b0u ti\u00ean gi\u1eb7t tay ho\u1eb7c gi\u1eb7t m\u00e1y \u1edf ch\u1ebf \u0111\u1ed9 nh\u1eb9, \u0111\u1ed3ng th\u1eddi cho s\u1ea3n ph\u1ea9m v\u00e0o t\u00fai gi\u1eb7t \u0111\u1ec3 h\u1ea1n ch\u1ebf \u1ea3nh h\u01b0\u1edfng \u0111\u1ebfn ph\u1ea7n khuy c\u00e0i v\u00e0 d\u00e2y th\u1eaft n\u01a1. Kh\u00f4ng n\u00ean d\u00f9ng ch\u1ea5t t\u1ea9y m\u1ea1nh v\u00ec c\u00f3 th\u1ec3 l\u00e0m \u1ea3nh h\u01b0\u1edfng \u0111\u1ebfn m\u00e0u v\u1ea3i.<\/p>\n<p data-start=\"3445\" data-end=\"3894\">Sau khi gi\u1eb7t, n\u00ean ph\u01a1i \u1edf n\u01a1i tho\u00e1ng m\u00e1t, tr\u00e1nh n\u1eafng g\u1eaft tr\u1ef1c ti\u1ebfp \u0111\u1ec3 gi\u1eef m\u00e0u s\u1eafc \u1ed5n \u0111\u1ecbnh h\u01a1n. Khi c\u1ea7n l\u00e0m ph\u1eb3ng, n\u00ean d\u00f9ng b\u00e0n \u1ee7i h\u01a1i n\u01b0\u1edbc ho\u1eb7c \u1ee7i \u1edf nhi\u1ec7t \u0111\u1ed9 v\u1eeba ph\u1ea3i ph\u00f9 h\u1ee3p v\u1edbi ch\u1ea5t li\u1ec7u linen pha.<\/p>\n<p data-section-id=\"mgmoir\" data-start=\"3896\" data-end=\"3926\">Th\u00f4ng tin \u0111\u01a1n v\u1ecb ph\u00e2n ph\u1ed1i<\/p>\n<p data-start=\"3927\" data-end=\"4037\">C\u00f4ng ty TNHH Xu\u1ea5t Nh\u1eadp Kh\u1ea9u May H v\u00e0 T<br data-start=\"3965\" data-end=\"3968\" \/>\u0110\u1ecba ch\u1ec9: 35\/4A \u1ea5p M\u1ef9 Hu\u1ec1, x\u00e3 B\u00e0 \u0110i\u1ec3m, TP.HCM<br data-start=\"4012\" data-end=\"4015\" \/>M\u00e3 s\u1ed1 thu\u1ebf: 0315614395<\/p>\n","protected":false},"excerpt":{"rendered":"<p>Ch\u00e2n v\u00e1y linen d\u00e1ng d\u00e0i c\u1ea1p th\u1eaft n\u01a1 l\u00e0 l\u1ef1a ch\u1ecdn ph\u00f9 h\u1ee3p cho nh\u1eefng ai y\u00eau th\u00edch phong c\u00e1ch n\u1eef t\u00ednh, nh\u1eb9 nh\u00e0ng v\u00e0 thanh l\u1ecbch. Thi\u1ebft k\u1ebf d\u00e1ng d\u00e0i k\u1ebft h\u1ee3p phom ch\u1eef A x\u00f2e nh\u1eb9 gi\u00fap t\u1ed5ng th\u1ec3 trang ph\u1ee5c tr\u00f4ng m\u1ec1m m\u1ea1i, d\u1ec5 m\u1eb7c v\u00e0 t\u1ea1o c\u1ea3m gi\u00e1c g\u1ecdn d\u00e1ng h\u01a1n. Ph\u1ea7n c\u1ea1p cao \u0111i c\u00f9ng chi ti\u1ebft th\u1eaft n\u01a1 \u1edf eo l\u00e0 \u0111i\u1ec3m nh\u1ea5n n\u1ed5i b\u1eadt, v\u1eeba gi\u00fap chi\u1ebfc v\u00e1y tr\u00f4ng duy\u00ean d\u00e1ng h\u01a1n, v\u1eeba t\u1ea1o hi\u1ec7u \u1ee9ng v\u00f2ng eo r\u00f5 v\u00e0 c\u00e2n \u0111\u1ed1i h\u01a1n khi m\u1eb7c.<\/p>\n","protected":false},"featured_media":1318,"comment_status":"open","ping_status":"closed","template":"","meta":[],"product_brand":[],"product_cat":[174],"product_tag":[],"class_list":{"0":"post-1315","1":"product","2":"type-product","3":"status-publish","4":"has-post-thumbnail","6":"product_cat-chan-vay-linnen","8":"first","9":"instock","10":"shipping-taxable","11":"purchasable","12":"product-type-variable"},"_links":{"self":[{"href":"https:\/\/kisuca.com\/en\/wp-json\/wp\/v2\/product\/1315","targetHints":{"allow":["GET"]}}],"collection":[{"href":"https:\/\/kisuca.com\/en\/wp-json\/wp\/v2\/product"}],"about":[{"href":"https:\/\/kisuca.com\/en\/wp-json\/wp\/v2\/types\/product"}],"replies":[{"embeddable":true,"href":"https:\/\/kisuca.com\/en\/wp-json\/wp\/v2\/comments?post=1315"}],"wp:featuredmedia":[{"embeddable":true,"href":"https:\/\/kisuca.com\/en\/wp-json\/wp\/v2\/media\/1318"}],"wp:attachment":[{"href":"https:\/\/kisuca.com\/en\/wp-json\/wp\/v2\/media?parent=1315"}],"wp:term":[{"taxonomy":"product_brand","embeddable":true,"href":"https:\/\/kisuca.com\/en\/wp-json\/wp\/v2\/product_brand?post=1315"},{"taxonomy":"product_cat","embeddable":true,"href":"https:\/\/kisuca.com\/en\/wp-json\/wp\/v2\/product_cat?post=1315"},{"taxonomy":"product_tag","embeddable":true,"href":"https:\/\/kisuca.com\/en\/wp-json\/wp\/v2\/product_tag?post=1315"}],"curies":[{"name":"wp","href":"https:\/\/api.w.org\/{rel}","templated":true}]}}