{"id":1305,"date":"2026-03-08T13:50:36","date_gmt":"2026-03-08T13:50:36","guid":{"rendered":"https:\/\/kisuca.com\/?post_type=product&#038;p=1305"},"modified":"2026-03-15T06:48:56","modified_gmt":"2026-03-15T06:48:56","slug":"ao-so-mi-linen-trang-free-size","status":"publish","type":"product","link":"https:\/\/kisuca.com\/en\/san-pham\/ao-so-mi-linen-trang-free-size\/","title":{"rendered":"\u00c1o s\u01a1 mi linen tr\u1eafng free size"},"content":{"rendered":"<p data-start=\"152\" data-end=\"555\">\u00c1o s\u01a1 mi linen tr\u1eafng free size l\u00e0 m\u1eabu \u00e1o c\u01a1 b\u1ea3n, d\u1ec5 m\u1eb7c v\u00e0 d\u1ec5 \u1ee9ng d\u1ee5ng trong nhi\u1ec1u ho\u00e0n c\u1ea3nh kh\u00e1c nhau. Thi\u1ebft k\u1ebf theo phom su\u00f4ng r\u1ed9ng v\u1eeba ph\u1ea3i gi\u00fap ng\u01b0\u1eddi m\u1eb7c c\u1ea3m th\u1ea5y tho\u1ea3i m\u00e1i khi s\u1eed d\u1ee5ng h\u1eb1ng ng\u00e0y, \u0111\u1ed3ng th\u1eddi v\u1eabn gi\u1eef \u0111\u01b0\u1ee3c v\u1ebb ngo\u00e0i g\u1ecdn g\u00e0ng v\u00e0 thanh l\u1ecbch. V\u1edbi ki\u1ec3u d\u00e1ng t\u1ed1i gi\u1ea3n c\u00f9ng gam m\u00e0u tr\u1eafng d\u1ec5 ph\u1ed1i, \u0111\u00e2y l\u00e0 m\u1eabu \u00e1o ph\u00f9 h\u1ee3p \u0111\u1ec3 m\u1eb7c \u0111i l\u00e0m, \u0111i ch\u01a1i, d\u1ea1o ph\u1ed1 ho\u1eb7c mang theo trong nh\u1eefng chuy\u1ebfn du l\u1ecbch.<\/p>\n<p data-start=\"557\" data-end=\"812\">\u0110i\u1ec3m n\u1ed5i b\u1eadt c\u1ee7a s\u1ea3n ph\u1ea9m n\u1eb1m \u1edf s\u1ef1 k\u1ebft h\u1ee3p gi\u1eefa ki\u1ec3u s\u01a1 mi truy\u1ec1n th\u1ed1ng v\u00e0 ch\u1ea5t li\u1ec7u linen c\u00f3 b\u1ec1 m\u1eb7t m\u1ed9c t\u1ef1 nhi\u00ean. Nh\u1edd \u0111\u00f3, chi\u1ebfc \u00e1o mang l\u1ea1i c\u1ea3m gi\u00e1c nh\u1eb9 nh\u00e0ng, tho\u00e1ng m\u00e1t v\u00e0 kh\u00f4ng qu\u00e1 c\u1ea7u k\u1ef3, nh\u01b0ng v\u1eabn \u0111\u1ee7 tinh t\u1ebf \u0111\u1ec3 t\u1ea1o n\u00ean m\u1ed9t t\u1ed5ng th\u1ec3 ch\u1ec9n chu khi m\u1eb7c.<\/p>\n<h3 data-section-id=\"1lwvf7h\" data-start=\"814\" data-end=\"834\">\u0110\u1eb7c \u0111i\u1ec3m n\u1ed5i b\u1eadt cu\u0309a \u00c1o s\u01a1 mi linen tr\u1eafng free size<\/h3>\n<p data-start=\"836\" data-end=\"1195\"><strong data-start=\"836\" data-end=\"862\">Phom d\u00e1ng su\u00f4ng d\u1ec5 m\u1eb7c<\/strong><\/p>\n<p data-start=\"836\" data-end=\"1195\">\u00c1o \u0111\u01b0\u1ee3c thi\u1ebft k\u1ebf theo d\u00e1ng su\u00f4ng, kh\u00f4ng \u00f4m s\u00e1t c\u01a1 th\u1ec3 n\u00ean ph\u00f9 h\u1ee3p v\u1edbi nhi\u1ec1u v\u00f3c d\u00e1ng kh\u00e1c nhau. Ki\u1ec3u d\u00e1ng n\u00e0y mang l\u1ea1i c\u1ea3m gi\u00e1c tho\u1ea3i m\u00e1i khi m\u1eb7c, h\u1ed7 tr\u1ee3 che khuy\u1ebft \u0111i\u1ec3m ph\u1ea7n eo, b\u1ee5ng ho\u1eb7c vai kh\u00e1 t\u1ed1t. \u0110\u00e2y c\u0169ng l\u00e0 form \u00e1o d\u1ec5 d\u00f9ng trong nhi\u1ec1u c\u00e1ch ph\u1ed1i \u0111\u1ed3, t\u1eeb m\u1eb7c ri\u00eang nh\u01b0 m\u1ed9t chi\u1ebfc s\u01a1 mi c\u01a1 b\u1ea3n \u0111\u1ebfn kho\u00e1c ngo\u00e0i nh\u01b0 \u00e1o layer m\u1ecfng.<\/p>\n<p data-start=\"1197\" data-end=\"1585\"><strong data-start=\"1197\" data-end=\"1226\">Thi\u1ebft k\u1ebf c\u1ed5 b\u1ebb thanh l\u1ecbch<\/strong><\/p>\n<p data-start=\"1197\" data-end=\"1585\">Ph\u1ea7n c\u1ed5 \u00e1o l\u00e0 ki\u1ec3u c\u1ed5 b\u1ebb truy\u1ec1n th\u1ed1ng, gi\u00fap t\u1ed5ng th\u1ec3 s\u1ea3n ph\u1ea9m gi\u1eef \u0111\u01b0\u1ee3c n\u00e9t g\u1ecdn g\u00e0ng v\u00e0 d\u1ec5 \u1ee9ng d\u1ee5ng. Khi c\u00e0i k\u00edn n\u00fat, \u00e1o ph\u00f9 h\u1ee3p v\u1edbi phong c\u00e1ch ch\u1ec9n chu, l\u1ecbch s\u1ef1. Khi m\u1edf nh\u1eb9 m\u1ed9t \u0111\u1ebfn hai n\u00fat ph\u00eda tr\u00ean, \u00e1o t\u1ea1o c\u1ea3m gi\u00e1c tho\u00e1ng h\u01a1n, gi\u00fap ph\u1ea7n c\u1ed5 tr\u00f4ng thanh tho\u00e1t v\u00e0 m\u1ec1m m\u1ea1i h\u01a1n. Tay \u00e1o d\u00e0i c\u00f3 th\u1ec3 m\u1eb7c bu\u00f4ng t\u1ef1 nhi\u00ean ho\u1eb7c x\u1eafn g\u1ecdn l\u00ean t\u00f9y theo ho\u00e0n c\u1ea3nh s\u1eed d\u1ee5ng.<\/p>\n<p data-start=\"1587\" data-end=\"1991\"><strong data-start=\"1587\" data-end=\"1633\">Ch\u1ea5t li\u1ec7u linen tho\u00e1ng m\u00e1t, nh\u1eb9 v\u00e0 d\u1ec5 ch\u1ecbu<\/strong><\/p>\n<p data-start=\"1587\" data-end=\"1991\">S\u1ea3n ph\u1ea9m s\u1eed d\u1ee5ng ch\u1ea5t li\u1ec7u linen v\u1edbi b\u1ec1 m\u1eb7t v\u1ea3i c\u00f3 \u0111\u1ed9 m\u1ed9c t\u1ef1 nhi\u00ean \u0111\u1eb7c tr\u01b0ng. \u01afu \u0111i\u1ec3m c\u1ee7a ch\u1ea5t v\u1ea3i n\u00e0y l\u00e0 nh\u1eb9, tho\u00e1ng kh\u00ed, th\u1ea5m h\u00fat kh\u00e1 t\u1ed1t v\u00e0 ph\u00f9 h\u1ee3p v\u1edbi th\u1eddi ti\u1ebft n\u00f3ng. Khi m\u1eb7c trong th\u1eddi gian d\u00e0i, \u00e1o v\u1eabn t\u1ea1o c\u1ea3m gi\u00e1c d\u1ec5 ch\u1ecbu, kh\u00f4ng b\u00ed b\u00e1ch. \u0110\u00e2y l\u00e0 ch\u1ea5t li\u1ec7u \u0111\u01b0\u1ee3c nhi\u1ec1u ng\u01b0\u1eddi y\u00eau th\u00edch nh\u1edd v\u1ebb ngo\u00e0i t\u1ef1 nhi\u00ean, gi\u1ea3n d\u1ecb nh\u01b0ng v\u1eabn mang n\u00e9t thanh l\u1ecbch ri\u00eang.<\/p>\n<p data-start=\"1993\" data-end=\"2299\"><strong data-start=\"1993\" data-end=\"2025\">M\u00e0u tr\u1eafng c\u01a1 b\u1ea3n, d\u1ec5 ph\u1ed1i \u0111\u1ed3<\/strong><\/p>\n<p data-start=\"1993\" data-end=\"2299\">M\u00e0u tr\u1eafng l\u00e0 gam m\u00e0u \u0111\u01a1n gi\u1ea3n nh\u01b0ng lu\u00f4n d\u1ec5 \u1ee9ng d\u1ee5ng trong t\u1ee7 \u0111\u1ed3. \u00c1o c\u00f3 th\u1ec3 k\u1ebft h\u1ee3p v\u1edbi nhi\u1ec1u m\u00e0u s\u1eafc kh\u00e1c nhau nh\u01b0 \u0111en, be, n\u00e2u, v\u00e0ng b\u00f2, xanh r\u00eau, pastel ho\u1eb7c denim. Nh\u1edd v\u1eady, ng\u01b0\u1eddi m\u1eb7c c\u00f3 th\u1ec3 s\u1eed d\u1ee5ng trong nhi\u1ec1u phong c\u00e1ch t\u1eeb c\u00f4ng s\u1edf, t\u1ed1i gi\u1ea3n \u0111\u1ebfn tr\u1ebb trung, n\u0103ng \u0111\u1ed9ng.<\/p>\n<h2 data-section-id=\"wo1jyl\" data-start=\"2301\" data-end=\"2325\">Th\u00f4ng tin k\u00edch th\u01b0\u1edbc<\/h2>\n<ul data-start=\"2326\" data-end=\"2481\">\n<li data-section-id=\"cw24zw\" data-start=\"2326\" data-end=\"2348\">\n<p data-start=\"2328\" data-end=\"2348\">K\u00edch c\u1ee1: Free size (d\u01b0\u01a1\u0301i 62kg)<\/p>\n<\/li>\n<li data-section-id=\"t77vvr\" data-start=\"2349\" data-end=\"2416\">\n<p data-start=\"2351\" data-end=\"2416\">Thi\u1ebft k\u1ebf phom su\u00f4ng r\u1ed9ng v\u1eeba ph\u1ea3i, ph\u00f9 h\u1ee3p v\u1edbi nhi\u1ec1u d\u00e1ng ng\u01b0\u1eddi<\/p>\n<\/li>\n<li data-section-id=\"3p96u8\" data-start=\"2417\" data-end=\"2481\">\n<p data-start=\"2419\" data-end=\"2481\">Th\u00edch h\u1ee3p v\u1edbi ng\u01b0\u1eddi y\u00eau th\u00edch ki\u1ec3u m\u1eb7c tho\u1ea3i m\u00e1i, kh\u00f4ng \u00f4m s\u00e1t<\/p>\n<\/li>\n<\/ul>\n<h3 data-section-id=\"aw5re\" data-start=\"3505\" data-end=\"3527\">H\u01b0\u1edbng d\u1eabn b\u1ea3o qu\u1ea3n<\/h3>\n<p data-start=\"3528\" data-end=\"3938\">\u0110\u1ec3 gi\u1eef \u00e1o b\u1ec1n \u0111\u1eb9p h\u01a1n, n\u00ean \u01b0u ti\u00ean gi\u1eb7t tay ho\u1eb7c gi\u1eb7t m\u00e1y \u1edf ch\u1ebf \u0111\u1ed9 nh\u1eb9 v\u00e0 cho v\u00e0o t\u00fai gi\u1eb7t \u0111\u1ec3 h\u1ea1n ch\u1ebf t\u00e1c \u0111\u1ed9ng m\u1ea1nh l\u00ean b\u1ec1 m\u1eb7t v\u1ea3i. V\u1edbi \u00e1o m\u00e0u tr\u1eafng, n\u00ean gi\u1eb7t ri\u00eang v\u1edbi qu\u1ea7n \u00e1o s\u00e1ng m\u00e0u v\u00e0 tr\u00e1nh gi\u1eb7t chung v\u1edbi \u0111\u1ed3 \u0111\u1eadm m\u00e0u \u0111\u1ec3 h\u1ea1n ch\u1ebf lem m\u00e0u. Sau khi gi\u1eb7t, n\u00ean ph\u01a1i \u1edf n\u01a1i tho\u00e1ng m\u00e1t, tr\u00e1nh n\u1eafng g\u1eaft tr\u1ef1c ti\u1ebfp. Khi c\u1ea7n l\u00e0m ph\u1eb3ng v\u1ea3i, n\u00ean d\u00f9ng b\u00e0n \u1ee7i h\u01a1i n\u01b0\u1edbc ho\u1eb7c \u1ee7i \u1edf nhi\u1ec7t \u0111\u1ed9 v\u1eeba \u0111\u1ec3 ph\u00f9 h\u1ee3p v\u1edbi ch\u1ea5t li\u1ec7u linen.<\/p>\n<p data-section-id=\"mgmoir\" data-start=\"3940\" data-end=\"3970\">Th\u00f4ng tin \u0111\u01a1n v\u1ecb ph\u00e2n ph\u1ed1i<\/p>\n<p data-start=\"3971\" data-end=\"4081\">C\u00f4ng ty TNHH Xu\u1ea5t Nh\u1eadp Kh\u1ea9u May H v\u00e0 T<\/p>\n<p data-start=\"3971\" data-end=\"4081\">\u0110\u1ecba ch\u1ec9: 35\/4A \u1ea5p M\u1ef9 Hu\u1ec1, x\u00e3 B\u00e0 \u0110i\u1ec3m, TP.HCM<\/p>\n<p data-start=\"3971\" data-end=\"4081\">M\u00e3 s\u1ed1 thu\u1ebf: 0315614395<\/p>\n","protected":false},"excerpt":{"rendered":"<p>\u00c1o s\u01a1 mi linen tr\u1eafng free size l\u00e0 m\u1eabu \u00e1o c\u01a1 b\u1ea3n, d\u1ec5 m\u1eb7c v\u00e0 d\u1ec5 \u1ee9ng d\u1ee5ng trong nhi\u1ec1u ho\u00e0n c\u1ea3nh kh\u00e1c nhau. Thi\u1ebft k\u1ebf theo phom su\u00f4ng r\u1ed9ng v\u1eeba ph\u1ea3i gi\u00fap ng\u01b0\u1eddi m\u1eb7c c\u1ea3m th\u1ea5y tho\u1ea3i m\u00e1i khi s\u1eed d\u1ee5ng h\u1eb1ng ng\u00e0y, \u0111\u1ed3ng th\u1eddi v\u1eabn gi\u1eef \u0111\u01b0\u1ee3c v\u1ebb ngo\u00e0i g\u1ecdn g\u00e0ng v\u00e0 thanh l\u1ecbch. V\u1edbi ki\u1ec3u d\u00e1ng t\u1ed1i gi\u1ea3n c\u00f9ng gam m\u00e0u tr\u1eafng d\u1ec5 ph\u1ed1i, \u0111\u00e2y l\u00e0 m\u1eabu \u00e1o ph\u00f9 h\u1ee3p \u0111\u1ec3 m\u1eb7c \u0111i l\u00e0m, \u0111i ch\u01a1i, d\u1ea1o ph\u1ed1 ho\u1eb7c mang theo trong nh\u1eefng chuy\u1ebfn du l\u1ecbch.<\/p>\n","protected":false},"featured_media":1306,"comment_status":"open","ping_status":"closed","template":"","meta":[],"product_brand":[],"product_cat":[171,170],"product_tag":[],"class_list":{"0":"post-1305","1":"product","2":"type-product","3":"status-publish","4":"has-post-thumbnail","6":"product_cat-ao-free-size","7":"product_cat-ao-so-mi-va-ao-kieu","9":"first","10":"instock","11":"shipping-taxable","12":"purchasable","13":"product-type-variable"},"_links":{"self":[{"href":"https:\/\/kisuca.com\/en\/wp-json\/wp\/v2\/product\/1305","targetHints":{"allow":["GET"]}}],"collection":[{"href":"https:\/\/kisuca.com\/en\/wp-json\/wp\/v2\/product"}],"about":[{"href":"https:\/\/kisuca.com\/en\/wp-json\/wp\/v2\/types\/product"}],"replies":[{"embeddable":true,"href":"https:\/\/kisuca.com\/en\/wp-json\/wp\/v2\/comments?post=1305"}],"wp:featuredmedia":[{"embeddable":true,"href":"https:\/\/kisuca.com\/en\/wp-json\/wp\/v2\/media\/1306"}],"wp:attachment":[{"href":"https:\/\/kisuca.com\/en\/wp-json\/wp\/v2\/media?parent=1305"}],"wp:term":[{"taxonomy":"product_brand","embeddable":true,"href":"https:\/\/kisuca.com\/en\/wp-json\/wp\/v2\/product_brand?post=1305"},{"taxonomy":"product_cat","embeddable":true,"href":"https:\/\/kisuca.com\/en\/wp-json\/wp\/v2\/product_cat?post=1305"},{"taxonomy":"product_tag","embeddable":true,"href":"https:\/\/kisuca.com\/en\/wp-json\/wp\/v2\/product_tag?post=1305"}],"curies":[{"name":"wp","href":"https:\/\/api.w.org\/{rel}","templated":true}]}}